{"id":10319,"date":"2014-12-30T11:02:14","date_gmt":"2014-12-30T10:02:14","guid":{"rendered":"http:\/\/www.tepaseul-magazine.fr\/?page_id=10319"},"modified":"2014-12-30T11:02:14","modified_gmt":"2014-12-30T10:02:14","slug":"tres-bonne-annee-2015","status":"publish","type":"page","link":"https:\/\/www.tepaseul-magazine.fr\/accueil\/tres-bonne-annee-2015\/","title":{"rendered":"TRES BONNE ANNEE 2015 !"},"content":{"rendered":"<p>Et voici une nouvelle ann\u00e9e qui s\u2019annonce\u00a0!<\/p>\n<p>Nous souhaitons \u00e0 tous une belle ann\u00e9e 2015 avec plein d\u2019entrain, de projets, d\u2019entraide, d\u2019\u00e9change, de valeurs et de chaleur humaine et tout cela dans un excellent \u00e9tat de sant\u00e9, cela va de soi\u00a0!<\/p>\n<p>Nous allons nous efforcer, tout au long de cette ann\u00e9e, de vous apporter le meilleur, de vous encadrer et vous soutenir, vous \u00e9couter et vous servir\u00a0car Tepaseul fait le pari de lutter contre votre sentiment d\u2019isolement: nos coachs sont l\u00e0 pour vous aider \u00e0 g\u00e9rer vos difficult\u00e9s passag\u00e8res, de fa\u00e7on \u00e0 ce que vous ne vous sentiez plus jamais seuls dans votre quotidien. Contactez-les gratuitement via leur adresse mail, quel que soit votre probl\u00e8me, car la solitude se manifestant dans de nombreux domaines de la vie, seul le recul d\u2019un expert peut vous aider \u00e0 prendre de la hauteur et trouver une issue \u00e0 votre probl\u00e8me.<\/p>\n<p>Par ailleurs,\u00a0 Tepaseul propose sa collaboration en s\u2019instituant comme le chantre de la solitude morale, notre combat portant sur le fait qu\u2019il ne suffit pas d\u2019\u00eatre isol\u00e9 d\u2019autrui pour se sentir seul. La solitude psychique peut \u00eatre bien pernicieuse jusqu\u2019\u00e0 ce qu\u2019on se rende compte qu\u2019on n\u2019est pas seuls \u00e0 se sentir seuls et qu\u2019il suffit de commencer par en parler pour se sentir soulag\u00e9.<\/p>\n<p>Nous avons d&rsquo;\u00e9normes projets pour 2015 afin de vous apporter un maximum d&rsquo;aide et d&rsquo;entraide. Mais chut !!!! c&rsquo;est encore une surprise !<\/p>\n<p>En attendant, n&rsquo;h\u00e9sitez pas \u00e0 nous \u00e9crire ou nous appeler. Nous sommes l\u00e0 pour vous aider et vous guider. Tr\u00e8s belle ann\u00e9e 2015. Tr\u00e8s bonne sant\u00e9 surtout et que la r\u00e9alisation de tous vos projets vous soit accord\u00e9e.<\/p>\n<p>Tous nos meilleurs voeux !!!<\/p>\n<p>Toute l\u2019\u00e9quipe de tepaseul.<\/p>\n","protected":false},"excerpt":{"rendered":"<p>Et voici une nouvelle ann\u00e9e qui s\u2019annonce\u00a0! Nous souhaitons \u00e0 tous une belle ann\u00e9e 2015 avec plein d\u2019entrain, de projets, d\u2019entraide, d\u2019\u00e9change, de valeurs et de chaleur humaine et tout cela dans un excellent \u00e9tat de sant\u00e9, cela va de soi\u00a0! Nous allons nous efforcer,&#8230;<\/p>\n","protected":false},"author":2,"featured_media":9533,"parent":0,"menu_order":0,"comment_status":"open","ping_status":"open","template":"","meta":{"footnotes":""},"yoast_head":"<!-- This site is optimized with the Yoast SEO plugin v21.9.1 - https:\/\/yoast.com\/wordpress\/plugins\/seo\/ -->\n<title>TRES BONNE ANNEE 2015 ! - Tepaseul<\/title>\n<meta name=\"robots\" content=\"index, follow, max-snippet:-1, max-image-preview:large, max-video-preview:-1\" \/>\n<link rel=\"canonical\" href=\"https:\/\/www.tepaseul-magazine.fr\/accueil\/tres-bonne-annee-2015\/\" \/>\n<meta property=\"og:locale\" content=\"fr_FR\" \/>\n<meta property=\"og:type\" content=\"article\" \/>\n<meta property=\"og:title\" content=\"TRES BONNE ANNEE 2015 ! - Tepaseul\" \/>\n<meta property=\"og:description\" content=\"Et voici une nouvelle ann\u00e9e qui s\u2019annonce\u00a0! Nous souhaitons \u00e0 tous une belle ann\u00e9e 2015 avec plein d\u2019entrain, de projets, d\u2019entraide, d\u2019\u00e9change, de valeurs et de chaleur humaine et tout cela dans un excellent \u00e9tat de sant\u00e9, cela va de soi\u00a0! Nous allons nous efforcer,...\" \/>\n<meta property=\"og:url\" content=\"https:\/\/www.tepaseul-magazine.fr\/accueil\/tres-bonne-annee-2015\/\" \/>\n<meta property=\"og:site_name\" content=\"Tepaseul\" \/>\n<meta property=\"og:image\" content=\"https:\/\/www.tepaseul-magazine.fr\/wp-content\/uploads\/2014\/05\/oiseauvol.jpg\" \/>\n\t<meta property=\"og:image:width\" content=\"200\" \/>\n\t<meta property=\"og:image:height\" content=\"133\" \/>\n\t<meta property=\"og:image:type\" content=\"image\/jpeg\" \/>\n<script type=\"application\/ld+json\" class=\"yoast-schema-graph\">{\"@context\":\"https:\/\/schema.org\",\"@graph\":[{\"@type\":\"WebPage\",\"@id\":\"https:\/\/www.tepaseul-magazine.fr\/accueil\/tres-bonne-annee-2015\/\",\"url\":\"https:\/\/www.tepaseul-magazine.fr\/accueil\/tres-bonne-annee-2015\/\",\"name\":\"TRES BONNE ANNEE 2015 ! - Tepaseul\",\"isPartOf\":{\"@id\":\"https:\/\/www.tepaseul-magazine.fr\/accueil\/#website\"},\"datePublished\":\"2014-12-30T10:02:14+00:00\",\"dateModified\":\"2014-12-30T10:02:14+00:00\",\"breadcrumb\":{\"@id\":\"https:\/\/www.tepaseul-magazine.fr\/accueil\/tres-bonne-annee-2015\/#breadcrumb\"},\"inLanguage\":\"fr-FR\",\"potentialAction\":[{\"@type\":\"ReadAction\",\"target\":[\"https:\/\/www.tepaseul-magazine.fr\/accueil\/tres-bonne-annee-2015\/\"]}]},{\"@type\":\"BreadcrumbList\",\"@id\":\"https:\/\/www.tepaseul-magazine.fr\/accueil\/tres-bonne-annee-2015\/#breadcrumb\",\"itemListElement\":[{\"@type\":\"ListItem\",\"position\":1,\"name\":\"Home\",\"item\":\"https:\/\/www.tepaseul-magazine.fr\/accueil\/\"},{\"@type\":\"ListItem\",\"position\":2,\"name\":\"TRES BONNE ANNEE 2015 !\"}]},{\"@type\":\"WebSite\",\"@id\":\"https:\/\/www.tepaseul-magazine.fr\/accueil\/#website\",\"url\":\"https:\/\/www.tepaseul-magazine.fr\/accueil\/\",\"name\":\"Tepaseul\",\"description\":\"Le Magazine des solibattants\",\"publisher\":{\"@id\":\"https:\/\/www.tepaseul-magazine.fr\/accueil\/#organization\"},\"potentialAction\":[{\"@type\":\"SearchAction\",\"target\":{\"@type\":\"EntryPoint\",\"urlTemplate\":\"https:\/\/www.tepaseul-magazine.fr\/accueil\/?s={search_term_string}\"},\"query-input\":\"required name=search_term_string\"}],\"inLanguage\":\"fr-FR\"},{\"@type\":\"Organization\",\"@id\":\"https:\/\/www.tepaseul-magazine.fr\/accueil\/#organization\",\"name\":\"Tepaseul\",\"url\":\"https:\/\/www.tepaseul-magazine.fr\/accueil\/\",\"logo\":{\"@type\":\"ImageObject\",\"inLanguage\":\"fr-FR\",\"@id\":\"https:\/\/www.tepaseul-magazine.fr\/accueil\/#\/schema\/logo\/image\/\",\"url\":\"https:\/\/www.tepaseul-magazine.fr\/wp-content\/uploads\/2014\/12\/logo_doublev2-noir.png\",\"contentUrl\":\"https:\/\/www.tepaseul-magazine.fr\/wp-content\/uploads\/2014\/12\/logo_doublev2-noir.png\",\"width\":205,\"height\":51,\"caption\":\"Tepaseul\"},\"image\":{\"@id\":\"https:\/\/www.tepaseul-magazine.fr\/accueil\/#\/schema\/logo\/image\/\"}}]}<\/script>\n<!-- \/ Yoast SEO plugin. -->","yoast_head_json":{"title":"TRES BONNE ANNEE 2015 ! - Tepaseul","robots":{"index":"index","follow":"follow","max-snippet":"max-snippet:-1","max-image-preview":"max-image-preview:large","max-video-preview":"max-video-preview:-1"},"canonical":"https:\/\/www.tepaseul-magazine.fr\/accueil\/tres-bonne-annee-2015\/","og_locale":"fr_FR","og_type":"article","og_title":"TRES BONNE ANNEE 2015 ! - Tepaseul","og_description":"Et voici une nouvelle ann\u00e9e qui s\u2019annonce\u00a0! Nous souhaitons \u00e0 tous une belle ann\u00e9e 2015 avec plein d\u2019entrain, de projets, d\u2019entraide, d\u2019\u00e9change, de valeurs et de chaleur humaine et tout cela dans un excellent \u00e9tat de sant\u00e9, cela va de soi\u00a0! Nous allons nous efforcer,...","og_url":"https:\/\/www.tepaseul-magazine.fr\/accueil\/tres-bonne-annee-2015\/","og_site_name":"Tepaseul","og_image":[{"width":200,"height":133,"url":"https:\/\/www.tepaseul-magazine.fr\/wp-content\/uploads\/2014\/05\/oiseauvol.jpg","type":"image\/jpeg"}],"schema":{"@context":"https:\/\/schema.org","@graph":[{"@type":"WebPage","@id":"https:\/\/www.tepaseul-magazine.fr\/accueil\/tres-bonne-annee-2015\/","url":"https:\/\/www.tepaseul-magazine.fr\/accueil\/tres-bonne-annee-2015\/","name":"TRES BONNE ANNEE 2015 ! - Tepaseul","isPartOf":{"@id":"https:\/\/www.tepaseul-magazine.fr\/accueil\/#website"},"datePublished":"2014-12-30T10:02:14+00:00","dateModified":"2014-12-30T10:02:14+00:00","breadcrumb":{"@id":"https:\/\/www.tepaseul-magazine.fr\/accueil\/tres-bonne-annee-2015\/#breadcrumb"},"inLanguage":"fr-FR","potentialAction":[{"@type":"ReadAction","target":["https:\/\/www.tepaseul-magazine.fr\/accueil\/tres-bonne-annee-2015\/"]}]},{"@type":"BreadcrumbList","@id":"https:\/\/www.tepaseul-magazine.fr\/accueil\/tres-bonne-annee-2015\/#breadcrumb","itemListElement":[{"@type":"ListItem","position":1,"name":"Home","item":"https:\/\/www.tepaseul-magazine.fr\/accueil\/"},{"@type":"ListItem","position":2,"name":"TRES BONNE ANNEE 2015 !"}]},{"@type":"WebSite","@id":"https:\/\/www.tepaseul-magazine.fr\/accueil\/#website","url":"https:\/\/www.tepaseul-magazine.fr\/accueil\/","name":"Tepaseul","description":"Le Magazine des solibattants","publisher":{"@id":"https:\/\/www.tepaseul-magazine.fr\/accueil\/#organization"},"potentialAction":[{"@type":"SearchAction","target":{"@type":"EntryPoint","urlTemplate":"https:\/\/www.tepaseul-magazine.fr\/accueil\/?s={search_term_string}"},"query-input":"required name=search_term_string"}],"inLanguage":"fr-FR"},{"@type":"Organization","@id":"https:\/\/www.tepaseul-magazine.fr\/accueil\/#organization","name":"Tepaseul","url":"https:\/\/www.tepaseul-magazine.fr\/accueil\/","logo":{"@type":"ImageObject","inLanguage":"fr-FR","@id":"https:\/\/www.tepaseul-magazine.fr\/accueil\/#\/schema\/logo\/image\/","url":"https:\/\/www.tepaseul-magazine.fr\/wp-content\/uploads\/2014\/12\/logo_doublev2-noir.png","contentUrl":"https:\/\/www.tepaseul-magazine.fr\/wp-content\/uploads\/2014\/12\/logo_doublev2-noir.png","width":205,"height":51,"caption":"Tepaseul"},"image":{"@id":"https:\/\/www.tepaseul-magazine.fr\/accueil\/#\/schema\/logo\/image\/"}}]}},"_links":{"self":[{"href":"https:\/\/www.tepaseul-magazine.fr\/accueil\/wp-json\/wp\/v2\/pages\/10319"}],"collection":[{"href":"https:\/\/www.tepaseul-magazine.fr\/accueil\/wp-json\/wp\/v2\/pages"}],"about":[{"href":"https:\/\/www.tepaseul-magazine.fr\/accueil\/wp-json\/wp\/v2\/types\/page"}],"author":[{"embeddable":true,"href":"https:\/\/www.tepaseul-magazine.fr\/accueil\/wp-json\/wp\/v2\/users\/2"}],"replies":[{"embeddable":true,"href":"https:\/\/www.tepaseul-magazine.fr\/accueil\/wp-json\/wp\/v2\/comments?post=10319"}],"version-history":[{"count":2,"href":"https:\/\/www.tepaseul-magazine.fr\/accueil\/wp-json\/wp\/v2\/pages\/10319\/revisions"}],"predecessor-version":[{"id":10321,"href":"https:\/\/www.tepaseul-magazine.fr\/accueil\/wp-json\/wp\/v2\/pages\/10319\/revisions\/10321"}],"wp:featuredmedia":[{"embeddable":true,"href":"https:\/\/www.tepaseul-magazine.fr\/accueil\/wp-json\/wp\/v2\/media\/9533"}],"wp:attachment":[{"href":"https:\/\/www.tepaseul-magazine.fr\/accueil\/wp-json\/wp\/v2\/media?parent=10319"}],"curies":[{"name":"wp","href":"https:\/\/api.w.org\/{rel}","templated":true}]}}