{"id":10442,"date":"2015-02-14T12:57:31","date_gmt":"2015-02-14T11:57:31","guid":{"rendered":"http:\/\/www.tepaseul-magazine.fr\/?page_id=10442"},"modified":"2015-02-14T12:57:31","modified_gmt":"2015-02-14T11:57:31","slug":"portrait-du-mois-stephanie-fugain","status":"publish","type":"page","link":"https:\/\/www.tepaseul-magazine.fr\/accueil\/portrait-du-mois-stephanie-fugain\/","title":{"rendered":"PORTRAIT DU MOIS : STEPHANIE FUGAIN"},"content":{"rendered":"<p><strong>Chaque mois, pour \u00e9voquer un cas de solitude li\u00e9e \u00e0 l\u2019isolement, nous parlerons du combat d\u2019une association . Ce mois-ci, il s\u2019agit d\u2019un cas de grave maladie, la leuc\u00e9mie, contre laquelle \u201cl\u2019Association Laurette Fugain\u201d lutte dignement depuis 2002 .<\/strong><\/p>\n<p><strong>\u00a0<\/strong><\/p>\n<p><strong>Gros plan sur elle\u2026<\/strong><\/p>\n<p>&nbsp;<\/p>\n<p>St\u00e9phanie Fugain, maman de Laurette, d\u00e9c\u00e9d\u00e9e en 2002 \u00e0 l\u2019\u00e2ge de 20 ans d\u2019une leuc\u00e9mie aig\u00fce, poursuit avec un bel acharnement la noble mission d\u2019informer le public de l\u2019imp\u00e9rieuse n\u00e9cessit\u00e9 du don de soi au travers du don de plaquettes et de moelle osseuse, pour sauver des vies.<\/p>\n<p>Quand elle parle de Laurette, St\u00e9phanie se rappelle un moment tr\u00e8s \u00e9mouvant: \u201cje me souviens d\u2019un jour o\u00f9 elle attendait un traitement et voyait, depuis la bulle st\u00e9rile o\u00f9 elle \u00e9tait enferm\u00e9e, les gens passer en bas dans la rue \u2026maman, m\u2019a t-elle dit, tu crois que ces gens savent qu\u2019on a besoin de plaquettes ? Ces paroles, je ne les ai jamais oubli\u00e9es. C\u2019est pour cela que je me bats, pour que les bien-portants que nous sommes sachent qu\u2019ils peuvent donner un peu d\u2019eux-m\u00eame pour sauver une vie\u2026\u201d<\/p>\n<p>&nbsp;<\/p>\n<p>Comme nous le dit la tr\u00e8s efficace et comp\u00e9tente Delphine Hoffmann, en charge de la coordination de projets de l\u2019Association, les intervenants b\u00e9n\u00e9voles informent au travers de nombreux \u00e9v\u00e9nements un public souvent victime d\u2019id\u00e9es re\u00e7ues sur la leuc\u00e9mie et ses traitements.<\/p>\n<p>&nbsp;<\/p>\n<p>Et si nous en profitions, justement, pour r\u00e9viser l\u2019essentiel?<\/p>\n<p>&nbsp;<\/p>\n<p>&nbsp;<\/p>\n<p><strong>Qu\u2019est-ce que la leuc\u00e9mie?<\/strong><\/p>\n<p><span style=\"text-decoration: underline;\">Assoctiation Laurette Fugain<\/span>: La leuc\u00e9mie est un cancer du sang et de la moelle osseuse qui touche environ 250 000 personnes dans le monde tous les ans.et cause environ 4000 d\u00e9c\u00e8s par an en France, surtout chez les enfants et les personnes \u00e2g\u00e9es. La leuc\u00e9mie n\u2019est ni h\u00e9r\u00e9ditaire, ni contagieuse.<\/p>\n<p>&nbsp;<\/p>\n<p><strong>Comment la traiter?<\/strong><\/p>\n<p><span style=\"text-decoration: underline;\">ALF<\/span>: Le traitement se fait essentiellement par chimioth\u00e9rapie, en plusieurs cures, dont chacune peut durer plus d\u2019un mois en hospitalisation. Le but de la chimioth\u00e9rapie est de nettoyer la moelle osseuse de toutes les cellules malades. Seulement, une fois administr\u00e9e, elle tue toutes les cellules sans distinction (bonnes et mauvaises). Le malade se trouve alors sans d\u00e9fenses immunitaires. Durant cette p\u00e9riode, il est fragilis\u00e9 face aux infections et peut saigner. Pour cette raison, un support transfusionnel en plaquettes et en globules rouges est n\u00e9cessaire, vu que le malade ne peut produire lui-m\u00eame ces \u00e9l\u00e9ments, les premi\u00e8res semaines suivant la chimioth\u00e9rapie. En attendant le r\u00e9tablissement du malade, il faut recourir \u00e0 des donneurs volontaires de sang et de plaquettes. Chaque jour, 1000 dons de plaquettes sont n\u00e9cessaires, des besoins qui sont loin d\u2019\u00eatre couverts !<\/p>\n<p>&nbsp;<\/p>\n<p>St\u00e9phanie Fugain dit :\u201dAucune chimioth\u00e9rapie n\u2019est entreprise si on manque de plaquettes. Donner ses plaquettes, cela prend deux heures. 2 heures pour sauver une vie, cela devrait \u00eatre un devoir pour chacun de nous. Les plaquettes se conservent seulement cinq jours, elle ne se stockent pas. Il y a donc de grands risques de p\u00e9nuries, surtout pendant les vacances\u2026\u201d<\/p>\n<p>&nbsp;<\/p>\n<p><strong>Donner ses plaquettes, d\u2019accord, mais comment faire ?<\/strong><\/p>\n<p><span style=\"text-decoration: underline;\">ALF<\/span>:Il suffit de contacter l\u2019Etablissement Fran\u00e7ais du sang le plus proche de chez vous et de prendre rendez-vous. Un entretien m\u00e9dical d\u00e9termine si vous \u00eates apte au don (il faut \u00eatre en bonne sant\u00e9, \u00e2g\u00e9 de 18 \u00e0 65 ans et peser plus de 50 kg). Pour trouver l\u2019adresse de l\u2019Etablissement Fran\u00e7ais du Sang le plus proche de chez vous, allez sur le site: <strong>http:\/\/www.laurettefugain.org<\/strong><\/p>\n<p>&nbsp;<\/p>\n<p><strong>Le don de plaquettes est indolore<\/strong><\/p>\n<p><span style=\"text-decoration: underline;\">ALF<\/span>:Cela ressemble \u00e0 un don de sang ; confortablement install\u00e9, votre sang est pr\u00e9lev\u00e9 et pass\u00e9 dans un s\u00e9parateur de cellules qui va isoler et collecter exclusivement vos plaquettes puis vous restituer vos globules rouges et blancs. Le kit du pr\u00e9l\u00e9vement est \u00e0 usage unique, il n\u2019existe aucun risque de contamination.<\/p>\n<p>&nbsp;<\/p>\n<p><strong>Et qu\u2019en est-il du don de moelle osseuse ?<\/strong><\/p>\n<p><span style=\"text-decoration: underline;\">ALF<\/span>:La moelle osseuse est l\u2019usine \u00e0 fabriquer le sang. Elle contient les cellules souches qui sont \u00e0 l\u2019origine des cellules du sang. Dans le cas de la leuc\u00e9mie, la greffe de moelle osseuse peut repr\u00e9senter le seul espoir de gu\u00e9rison. La r\u00e9ussite de la greffe depend de la compatibilit\u00e9 entre le donneur et le malade.<\/p>\n<p>&nbsp;<\/p>\n<p><strong>Comment donner?<\/strong><\/p>\n<p><span style=\"text-decoration: underline;\">ALF<\/span>: Il faut s\u2019inscrire sur le fichier, avoir plus de 18 ans et moins de 51 ans , \u00eatre en bonne sant\u00e9. Prendre contact avec France Greffe de Moelle 0800 20 22 24 ou l\u2019EFS leplus proche de chez vous. Faire partied u fichier, c\u2019est s\u2019engager \u00e0 vie \u00e0 r\u00e9pondre present le jour o\u00f9 la compatibilit\u00e9 avec un malade est \u00e9tablie.Et ce jour l\u00e0, vous contribuez directement \u00e0 sauver une vie.<\/p>\n<p><strong>Karine TUZET<\/strong><\/p>\n","protected":false},"excerpt":{"rendered":"<p>Chaque mois, pour \u00e9voquer un cas de solitude li\u00e9e \u00e0 l\u2019isolement, nous parlerons du combat d\u2019une association . Ce mois-ci, il s\u2019agit d\u2019un cas de grave maladie, la leuc\u00e9mie, contre laquelle \u201cl\u2019Association Laurette Fugain\u201d lutte dignement depuis 2002 . \u00a0 Gros plan sur elle\u2026 &nbsp;&#8230;<\/p>\n","protected":false},"author":2,"featured_media":7919,"parent":0,"menu_order":0,"comment_status":"open","ping_status":"open","template":"","meta":{"footnotes":""},"yoast_head":"<!-- This site is optimized with the Yoast SEO plugin v21.9.1 - https:\/\/yoast.com\/wordpress\/plugins\/seo\/ -->\n<title>PORTRAIT DU MOIS : STEPHANIE FUGAIN - Tepaseul<\/title>\n<meta name=\"robots\" content=\"index, follow, max-snippet:-1, max-image-preview:large, max-video-preview:-1\" \/>\n<link rel=\"canonical\" href=\"https:\/\/www.tepaseul-magazine.fr\/accueil\/portrait-du-mois-stephanie-fugain\/\" \/>\n<meta property=\"og:locale\" content=\"fr_FR\" \/>\n<meta property=\"og:type\" content=\"article\" \/>\n<meta property=\"og:title\" content=\"PORTRAIT DU MOIS : STEPHANIE FUGAIN - Tepaseul\" \/>\n<meta property=\"og:description\" content=\"Chaque mois, pour \u00e9voquer un cas de solitude li\u00e9e \u00e0 l\u2019isolement, nous parlerons du combat d\u2019une association . Ce mois-ci, il s\u2019agit d\u2019un cas de grave maladie, la leuc\u00e9mie, contre laquelle \u201cl\u2019Association Laurette Fugain\u201d lutte dignement depuis 2002 . \u00a0 Gros plan sur elle\u2026 &nbsp;...\" \/>\n<meta property=\"og:url\" content=\"https:\/\/www.tepaseul-magazine.fr\/accueil\/portrait-du-mois-stephanie-fugain\/\" \/>\n<meta property=\"og:site_name\" content=\"Tepaseul\" \/>\n<meta property=\"og:image\" content=\"https:\/\/www.tepaseul-magazine.fr\/wp-content\/uploads\/2014\/03\/Hematopsychologie.jpg\" \/>\n\t<meta property=\"og:image:width\" content=\"1200\" \/>\n\t<meta property=\"og:image:height\" content=\"675\" \/>\n\t<meta property=\"og:image:type\" content=\"image\/jpeg\" \/>\n<script type=\"application\/ld+json\" class=\"yoast-schema-graph\">{\"@context\":\"https:\/\/schema.org\",\"@graph\":[{\"@type\":\"WebPage\",\"@id\":\"https:\/\/www.tepaseul-magazine.fr\/accueil\/portrait-du-mois-stephanie-fugain\/\",\"url\":\"https:\/\/www.tepaseul-magazine.fr\/accueil\/portrait-du-mois-stephanie-fugain\/\",\"name\":\"PORTRAIT DU MOIS : STEPHANIE FUGAIN - Tepaseul\",\"isPartOf\":{\"@id\":\"https:\/\/www.tepaseul-magazine.fr\/accueil\/#website\"},\"datePublished\":\"2015-02-14T11:57:31+00:00\",\"dateModified\":\"2015-02-14T11:57:31+00:00\",\"breadcrumb\":{\"@id\":\"https:\/\/www.tepaseul-magazine.fr\/accueil\/portrait-du-mois-stephanie-fugain\/#breadcrumb\"},\"inLanguage\":\"fr-FR\",\"potentialAction\":[{\"@type\":\"ReadAction\",\"target\":[\"https:\/\/www.tepaseul-magazine.fr\/accueil\/portrait-du-mois-stephanie-fugain\/\"]}]},{\"@type\":\"BreadcrumbList\",\"@id\":\"https:\/\/www.tepaseul-magazine.fr\/accueil\/portrait-du-mois-stephanie-fugain\/#breadcrumb\",\"itemListElement\":[{\"@type\":\"ListItem\",\"position\":1,\"name\":\"Home\",\"item\":\"https:\/\/www.tepaseul-magazine.fr\/accueil\/\"},{\"@type\":\"ListItem\",\"position\":2,\"name\":\"PORTRAIT DU MOIS : STEPHANIE FUGAIN\"}]},{\"@type\":\"WebSite\",\"@id\":\"https:\/\/www.tepaseul-magazine.fr\/accueil\/#website\",\"url\":\"https:\/\/www.tepaseul-magazine.fr\/accueil\/\",\"name\":\"Tepaseul\",\"description\":\"Le Magazine des solibattants\",\"publisher\":{\"@id\":\"https:\/\/www.tepaseul-magazine.fr\/accueil\/#organization\"},\"potentialAction\":[{\"@type\":\"SearchAction\",\"target\":{\"@type\":\"EntryPoint\",\"urlTemplate\":\"https:\/\/www.tepaseul-magazine.fr\/accueil\/?s={search_term_string}\"},\"query-input\":\"required name=search_term_string\"}],\"inLanguage\":\"fr-FR\"},{\"@type\":\"Organization\",\"@id\":\"https:\/\/www.tepaseul-magazine.fr\/accueil\/#organization\",\"name\":\"Tepaseul\",\"url\":\"https:\/\/www.tepaseul-magazine.fr\/accueil\/\",\"logo\":{\"@type\":\"ImageObject\",\"inLanguage\":\"fr-FR\",\"@id\":\"https:\/\/www.tepaseul-magazine.fr\/accueil\/#\/schema\/logo\/image\/\",\"url\":\"https:\/\/www.tepaseul-magazine.fr\/wp-content\/uploads\/2014\/12\/logo_doublev2-noir.png\",\"contentUrl\":\"https:\/\/www.tepaseul-magazine.fr\/wp-content\/uploads\/2014\/12\/logo_doublev2-noir.png\",\"width\":205,\"height\":51,\"caption\":\"Tepaseul\"},\"image\":{\"@id\":\"https:\/\/www.tepaseul-magazine.fr\/accueil\/#\/schema\/logo\/image\/\"}}]}<\/script>\n<!-- \/ Yoast SEO plugin. -->","yoast_head_json":{"title":"PORTRAIT DU MOIS : STEPHANIE FUGAIN - Tepaseul","robots":{"index":"index","follow":"follow","max-snippet":"max-snippet:-1","max-image-preview":"max-image-preview:large","max-video-preview":"max-video-preview:-1"},"canonical":"https:\/\/www.tepaseul-magazine.fr\/accueil\/portrait-du-mois-stephanie-fugain\/","og_locale":"fr_FR","og_type":"article","og_title":"PORTRAIT DU MOIS : STEPHANIE FUGAIN - Tepaseul","og_description":"Chaque mois, pour \u00e9voquer un cas de solitude li\u00e9e \u00e0 l\u2019isolement, nous parlerons du combat d\u2019une association . Ce mois-ci, il s\u2019agit d\u2019un cas de grave maladie, la leuc\u00e9mie, contre laquelle \u201cl\u2019Association Laurette Fugain\u201d lutte dignement depuis 2002 . \u00a0 Gros plan sur elle\u2026 &nbsp;...","og_url":"https:\/\/www.tepaseul-magazine.fr\/accueil\/portrait-du-mois-stephanie-fugain\/","og_site_name":"Tepaseul","og_image":[{"width":1200,"height":675,"url":"https:\/\/www.tepaseul-magazine.fr\/wp-content\/uploads\/2014\/03\/Hematopsychologie.jpg","type":"image\/jpeg"}],"schema":{"@context":"https:\/\/schema.org","@graph":[{"@type":"WebPage","@id":"https:\/\/www.tepaseul-magazine.fr\/accueil\/portrait-du-mois-stephanie-fugain\/","url":"https:\/\/www.tepaseul-magazine.fr\/accueil\/portrait-du-mois-stephanie-fugain\/","name":"PORTRAIT DU MOIS : STEPHANIE FUGAIN - Tepaseul","isPartOf":{"@id":"https:\/\/www.tepaseul-magazine.fr\/accueil\/#website"},"datePublished":"2015-02-14T11:57:31+00:00","dateModified":"2015-02-14T11:57:31+00:00","breadcrumb":{"@id":"https:\/\/www.tepaseul-magazine.fr\/accueil\/portrait-du-mois-stephanie-fugain\/#breadcrumb"},"inLanguage":"fr-FR","potentialAction":[{"@type":"ReadAction","target":["https:\/\/www.tepaseul-magazine.fr\/accueil\/portrait-du-mois-stephanie-fugain\/"]}]},{"@type":"BreadcrumbList","@id":"https:\/\/www.tepaseul-magazine.fr\/accueil\/portrait-du-mois-stephanie-fugain\/#breadcrumb","itemListElement":[{"@type":"ListItem","position":1,"name":"Home","item":"https:\/\/www.tepaseul-magazine.fr\/accueil\/"},{"@type":"ListItem","position":2,"name":"PORTRAIT DU MOIS : STEPHANIE FUGAIN"}]},{"@type":"WebSite","@id":"https:\/\/www.tepaseul-magazine.fr\/accueil\/#website","url":"https:\/\/www.tepaseul-magazine.fr\/accueil\/","name":"Tepaseul","description":"Le Magazine des solibattants","publisher":{"@id":"https:\/\/www.tepaseul-magazine.fr\/accueil\/#organization"},"potentialAction":[{"@type":"SearchAction","target":{"@type":"EntryPoint","urlTemplate":"https:\/\/www.tepaseul-magazine.fr\/accueil\/?s={search_term_string}"},"query-input":"required name=search_term_string"}],"inLanguage":"fr-FR"},{"@type":"Organization","@id":"https:\/\/www.tepaseul-magazine.fr\/accueil\/#organization","name":"Tepaseul","url":"https:\/\/www.tepaseul-magazine.fr\/accueil\/","logo":{"@type":"ImageObject","inLanguage":"fr-FR","@id":"https:\/\/www.tepaseul-magazine.fr\/accueil\/#\/schema\/logo\/image\/","url":"https:\/\/www.tepaseul-magazine.fr\/wp-content\/uploads\/2014\/12\/logo_doublev2-noir.png","contentUrl":"https:\/\/www.tepaseul-magazine.fr\/wp-content\/uploads\/2014\/12\/logo_doublev2-noir.png","width":205,"height":51,"caption":"Tepaseul"},"image":{"@id":"https:\/\/www.tepaseul-magazine.fr\/accueil\/#\/schema\/logo\/image\/"}}]}},"_links":{"self":[{"href":"https:\/\/www.tepaseul-magazine.fr\/accueil\/wp-json\/wp\/v2\/pages\/10442"}],"collection":[{"href":"https:\/\/www.tepaseul-magazine.fr\/accueil\/wp-json\/wp\/v2\/pages"}],"about":[{"href":"https:\/\/www.tepaseul-magazine.fr\/accueil\/wp-json\/wp\/v2\/types\/page"}],"author":[{"embeddable":true,"href":"https:\/\/www.tepaseul-magazine.fr\/accueil\/wp-json\/wp\/v2\/users\/2"}],"replies":[{"embeddable":true,"href":"https:\/\/www.tepaseul-magazine.fr\/accueil\/wp-json\/wp\/v2\/comments?post=10442"}],"version-history":[{"count":1,"href":"https:\/\/www.tepaseul-magazine.fr\/accueil\/wp-json\/wp\/v2\/pages\/10442\/revisions"}],"predecessor-version":[{"id":10443,"href":"https:\/\/www.tepaseul-magazine.fr\/accueil\/wp-json\/wp\/v2\/pages\/10442\/revisions\/10443"}],"wp:featuredmedia":[{"embeddable":true,"href":"https:\/\/www.tepaseul-magazine.fr\/accueil\/wp-json\/wp\/v2\/media\/7919"}],"wp:attachment":[{"href":"https:\/\/www.tepaseul-magazine.fr\/accueil\/wp-json\/wp\/v2\/media?parent=10442"}],"curies":[{"name":"wp","href":"https:\/\/api.w.org\/{rel}","templated":true}]}}