{"id":11109,"date":"2015-12-29T17:15:36","date_gmt":"2015-12-29T16:15:36","guid":{"rendered":"http:\/\/www.tepaseul-magazine.fr\/?page_id=11109"},"modified":"2016-02-04T12:40:47","modified_gmt":"2016-02-04T11:40:47","slug":"choisir-ses-lunettes","status":"publish","type":"page","link":"https:\/\/www.tepaseul-magazine.fr\/accueil\/choisir-ses-lunettes\/","title":{"rendered":"CHOISIR SES LUNETTES"},"content":{"rendered":"<p><span style=\"font-size: 14pt;\"><strong>Conseil lunettes, visage rond<\/strong><\/span><\/p>\n<p>En effet vos lunettes font partie de vous et dans bien des cas vous vivez avec 24h\/24 !<\/p>\n<p>Il est donc plus que fondamental de choisir une monture confortable, que vous aimez et qui vous met en valeur.<\/p>\n<p>Type de correction<\/p>\n<p>M\u00eame si nos verres sont travaill\u00e9s et affin\u00e9s au maximum, Il existe des contraintes techniques en fonction du degr\u00e9 de correction pour choisir votre monture.<\/p>\n<p>En cas de fortes corrections<\/p>\n<p>Les verres sont souvent \u00e9pais au centre. Il est donc d\u00e9conseill\u00e9 de choisir des montures trop grandes (en largeur comme en hauteur) car elles deviendraient vite lourdes et donc inconfortables en cas de port prolong\u00e9. De plus avec une grande monture, il est difficile de passer son regard par-dessus afin de voir ce qui vous entoure dans la pi\u00e8ce, comme des personnes ou un \u00e9cran par exemple.<\/p>\n<p>Pour voir de loin et de pre\u0300s (presbytie)<br \/>\nLa monture doit \u00eatre haute pour s&rsquo;adapter aux diff\u00e9rentes zones de vision du verre.<\/p>\n<p><strong>Coloris<\/strong><\/p>\n<p>Ind\u00e9pendamment du style vestimentaire et des envies de chacun, le collorisme est un outil pr\u00e9cieux fr\u00e9quemment utilis\u00e9 par les opticiens pour vous aider \u00e0 choisir une monture.<\/p>\n<p>Au m\u00eame titre que le visagisme, l\u2019id\u00e9e \u00e9tant de faire correspondre la couleur des yeux, celle des cheveux et la carnation de la peau \u00e0 une palette de couleurs qui vous va le mieux. Des conseils pr\u00e9cieux qui supportent bien heureusement l\u2019exception.<\/p>\n<p>En r\u00e8gle g\u00e9n\u00e9rale, une couleur plus claire que la peau donne un suppl\u00e9ment de caract\u00e8re \u00e0\u0300 une monture.<\/p>\n<p>Ainsi, le gris ou le ciel est particuli\u00e8rement flatteur pour des peaux claires et des yeux bleus.<\/p>\n<ul>\n<li>\u00a0 Une monture plus fonc\u00e9e que la peau aura tendance \u00e0 accentuer la personnalit\u00e9 d\u2019un visage. Les montures noires, grenadines ou rouges se marient bien aux peaux mates alors que le chocolat se combine joliment avec toutes les carnations.<\/li>\n<li>\u00a0 Pour rehausser un teint pale, rien ne vaut les couleurs vives (rose, mauve ou bordeaux) qui, a l\u2019instar du maquillage, donnent facilement bonne mine.<\/li>\n<\/ul>\n<p>Vous aimez la sobrie\u0301te\u0301<\/p>\n<table style=\"height: 83px;\" width=\"1367\">\n<tbody>\n<tr>\n<td>Il vous faut des lunettes d\u2019une couleur proche de votre couleur de cheveux. Elles s\u2019int\u00e8greront tout naturellement \u00e0 votre visage.<br \/>\nPour des yeux clairs, n\u2019h\u00e9sitez pas choisir une couleur similaire et froide (bleu, vert, rose p\u00e2le, beige&#8230;).<br \/>\nPour les yeux fonc\u00e9s, les couleurs chaudes mais pas trop \u00e9clatantes (bleu, marron, bordeaux&#8230;) se fondront bien dans votre visage.&nbsp;<\/p>\n<p>Vous avez envie d\u2019originalite\u0301<\/p>\n<ul>\n<li>\u00a0 Choisissez la couleur. Rose, orange, rouge, turquoise, vert pomme&#8230; Les coloris \u00e9clatants illuminent tous les visages, teints p\u00e2les comme h\u00e2l\u00e9s.<\/li>\n<li>\u00a0Gagnez en fantaisie en \u00e9paississant votre monture. Les plus fines vous donnent une petite touche d\u2019audace tandis que les plus \u00e9paisses, par exemple une monture en ac\u00e9tate \u00e9blouissante, accentuent votre excentricit\u00e9\u0301.<\/li>\n<\/ul>\n<p>Trouvez votre style bien \u00e0 vous en jouant sur d\u2019autres crit\u00e8res : bicolore, de coupe des branches ou m\u00eames motifs sur la monture ajoutent chacun une touche de diff\u00e9renciation.<\/p>\n<p><strong>Yeux bleus : <\/strong>Vous pouvez porter des nuances contrastant avec votre regard comme le violet <strong>Yeux verts : <\/strong>Les couleurs argent\u00e9es et grises mettront le vert de vos yeux en valeur<br \/>\n<strong>Yeux bruns : <\/strong>Toutes les couleurs sont possibles ! Mais un regard tr\u00e8s fonc\u00e9 peut s\u2019adoucir avec du beige ou du rose\u0301<\/td>\n<td><\/td>\n<\/tr>\n<\/tbody>\n<\/table>\n<p>&nbsp;<\/p>\n<p><span style=\"font-size: 18pt;\"><strong>Conseil lunettes<\/strong><\/span><\/p>\n<p><strong>Un visage rond<\/strong> a des lignes courbes, sans angle. Le point le plus large est autour des yeux et des joues, votre visage est quasiment aussi large que long.<\/p>\n<p>Une monture dans les rouges profonds, bordeaux, oranges mettra en valeur les yeux bleus<\/p>\n<p>et les cheveux noirs alors qu\u2019une monture sombre s\u2019accordera avec des cheveux poivre et<\/p>\n<p>sel ou des yeux clairs\/gris.<\/p>\n<p>Les montures fonc\u00e9es (noir, bleu marine, gris anthracite) seront tr\u00e8s pr\u00e9sentes sur votre<\/p>\n<p>visage et g\u00e9n\u00e9ralement tranchent avec la peau.<\/p>\n<p>A l\u2019inverse les couleurs claires sont plus discr\u00e8tes et s\u2019int\u00e8grent harmonieusement avec<\/p>\n<p>l\u2019ensemble du visage.<\/p>\n<ul>\n<li>\u00a0 Quelle monture ? Vous pouvez vous orienter vers des montures rectangulaires et \u00e9troites, \u00e9tir\u00e9es qui cassent les formes rondes et qui aideront \u00e0 allonger votre visage.<\/li>\n<li>\u00a0 Un pont clair a l\u2019avantage d\u2019\u00e9largir les yeux.<\/li>\n<li>\u00a0 A l\u2019inverse les montures rondes accentueront la forme de votre visage mais peut s\u00e9duire si vous \u00eates une personne excentrique (exemple : Jean-Pierre Coffe).<\/li>\n<\/ul>\n<p>Proportion<\/p>\n<table>\n<tbody>\n<tr>\n<td>A ne pas n\u00e9gliger dans le choix d\u2019une monture !<\/td>\n<td>Id\u00e9alement, une monture doit, quelle que soit sa forme, \u00e9pouser la ligne des sourcils sans d\u00e9border ni couper le regard. Sauf exceptions, les sourcils droits \u00e9viteront les montures trop arrondies. L\u2019\u0153il doit toujours se retrouver centr\u00e9 dans le verre.<br \/>\nQuant \u00e0 la partie basse des lunettes, elle ne doit pas toucher la joue ni la pommette, m\u00eame en cas de sourire g\u00e9ant. Idem pour les cils m\u00eame vaporeux qui ne doivent pas rentrer en contact avec les verres.<\/td>\n<\/tr>\n<\/tbody>\n<\/table>\n<p><strong>Forme<\/strong><\/p>\n<p><strong>Monture ronde : <\/strong>les montures rondes fleurissent de plus en plus sur le nez des hommes, elles sont tendances ! Ce type de monture adoucit les traits des visages carr\u00e9s et rectangulaires.<\/p>\n<p>A l\u2019inverse, sur un visage rond ces lunettes accentueront la rondeur et la douceur de ce dernier.<\/p>\n<ul>\n<li>\u00a0 <strong>Monture carr\u00e9e : <\/strong>id\u00e9ale sur un visage rond elle apportera des lignes droites, de la structure \u00e0 votre visage, le rendra moins enfantin.<\/li>\n<li>\u00a0<strong>Monture rectangle : <\/strong>c\u2019est la forme la plus commune, la plus appr\u00e9cie des hommes en g\u00e9n\u00e9ral. Elle convient \u00e0 toutes les formes de visages, personnalisez-la pour vous donner le look que vous souhaitez.<\/li>\n<li>\u00a0<strong>Monture papillon : <\/strong>contrairement aux id\u00e9es re\u00e7ues les montures papillons ne sont pas r\u00e9serv\u00e9es aux femmes. Il ne faut juste pas les choisir trop fines et trop allong\u00e9es<\/li>\n<\/ul>\n<p>mais plut\u00f4t se rapprochant d\u2019un m\u00e9lange de forme ovale et rectangle.<br \/>\n<strong>Monturewayfarer: <\/strong>une monture wayfarer apportera imm\u00e9diatement un c\u00f4te vintage \u00e0 votre look. Ce type de lunette va relativement bien avec la plupart des visages sauf<\/p>\n<p>sur un nez particuli\u00e8rement fin.<\/p>\n<p><span style=\"font-size: 18pt;\"><strong>Lunettes de soleil<\/strong><\/span><\/p>\n<ul>\n<li>\u00a0 Cet accessoire, \u00e0 l&rsquo;origine fonctionnel, est aujourd&rsquo;hui plut\u00f4t connot\u00e9 \u00ab star attitude \u00bb.<\/li>\n<li>\u00a0 Les lunettes de soleil peuvent \u00eatre un instrument de s\u00e9duction. Il est possible, donc,<\/li>\n<\/ul>\n<p>que notre go\u00fbt pour celles-ci soit r\u00e9v\u00e9lateur de notre \u00e2me de s\u00e9ducteur (trice).<\/p>\n<ul>\n<li>\u00a0 Il y a plusieurs raisons d&rsquo;\u00eatre accroch\u00e9(e) a nos lunettes de soleil : on s&rsquo;en sert comme serre t\u00eate, on est sensible \u00e0 la lumi\u00e8re ou simplement <em>fashion victime <\/em>assum\u00e9(e).<\/li>\n<\/ul>\n<p><strong>A SUIVRE&#8230;..<\/strong><\/p>\n<p><strong>La\u00ebtitia Dorio<\/strong><br \/>\n<strong>Conseils en image<\/strong><br \/>\n<strong>Ing\u00e9nierie de formation<\/strong><br \/>\n<strong>06 98 42 57 43<\/strong><br \/>\n<strong>www.laetistyle.fr<\/strong><\/p>\n<p>&nbsp;<\/p>\n<p>&nbsp;<\/p>\n<p>&nbsp;<\/p>\n<p>&nbsp;<\/p>\n<p>&nbsp;<\/p>\n<p>&nbsp;<\/p>\n","protected":false},"excerpt":{"rendered":"<p>Conseil lunettes, visage rond En effet vos lunettes font partie de vous et dans bien des cas vous vivez avec 24h\/24 ! Il est donc plus que fondamental de choisir une monture confortable, que vous aimez et qui vous met en valeur. Type de correction&#8230;<\/p>\n","protected":false},"author":2,"featured_media":10400,"parent":0,"menu_order":0,"comment_status":"closed","ping_status":"closed","template":"","meta":{"footnotes":""},"yoast_head":"<!-- This site is optimized with the Yoast SEO plugin v21.9.1 - https:\/\/yoast.com\/wordpress\/plugins\/seo\/ -->\n<title>CHOISIR SES LUNETTES - Tepaseul<\/title>\n<meta name=\"robots\" content=\"index, follow, max-snippet:-1, max-image-preview:large, max-video-preview:-1\" \/>\n<link rel=\"canonical\" href=\"https:\/\/www.tepaseul-magazine.fr\/accueil\/choisir-ses-lunettes\/\" \/>\n<meta property=\"og:locale\" content=\"fr_FR\" \/>\n<meta property=\"og:type\" content=\"article\" \/>\n<meta property=\"og:title\" content=\"CHOISIR SES LUNETTES - Tepaseul\" \/>\n<meta property=\"og:description\" content=\"Conseil lunettes, visage rond En effet vos lunettes font partie de vous et dans bien des cas vous vivez avec 24h\/24 ! Il est donc plus que fondamental de choisir une monture confortable, que vous aimez et qui vous met en valeur. Type de correction...\" \/>\n<meta property=\"og:url\" content=\"https:\/\/www.tepaseul-magazine.fr\/accueil\/choisir-ses-lunettes\/\" \/>\n<meta property=\"og:site_name\" content=\"Tepaseul\" \/>\n<meta property=\"article:modified_time\" content=\"2016-02-04T11:40:47+00:00\" \/>\n<meta property=\"og:image\" content=\"https:\/\/www.tepaseul-magazine.fr\/wp-content\/uploads\/2015\/01\/17387772-vector-illustration-beaux-yeux-bleu-femelle1.jpg\" \/>\n\t<meta property=\"og:image:width\" content=\"168\" \/>\n\t<meta property=\"og:image:height\" content=\"144\" \/>\n\t<meta property=\"og:image:type\" content=\"image\/jpeg\" \/>\n<script type=\"application\/ld+json\" class=\"yoast-schema-graph\">{\"@context\":\"https:\/\/schema.org\",\"@graph\":[{\"@type\":\"WebPage\",\"@id\":\"https:\/\/www.tepaseul-magazine.fr\/accueil\/choisir-ses-lunettes\/\",\"url\":\"https:\/\/www.tepaseul-magazine.fr\/accueil\/choisir-ses-lunettes\/\",\"name\":\"CHOISIR SES LUNETTES - Tepaseul\",\"isPartOf\":{\"@id\":\"https:\/\/www.tepaseul-magazine.fr\/accueil\/#website\"},\"datePublished\":\"2015-12-29T16:15:36+00:00\",\"dateModified\":\"2016-02-04T11:40:47+00:00\",\"breadcrumb\":{\"@id\":\"https:\/\/www.tepaseul-magazine.fr\/accueil\/choisir-ses-lunettes\/#breadcrumb\"},\"inLanguage\":\"fr-FR\",\"potentialAction\":[{\"@type\":\"ReadAction\",\"target\":[\"https:\/\/www.tepaseul-magazine.fr\/accueil\/choisir-ses-lunettes\/\"]}]},{\"@type\":\"BreadcrumbList\",\"@id\":\"https:\/\/www.tepaseul-magazine.fr\/accueil\/choisir-ses-lunettes\/#breadcrumb\",\"itemListElement\":[{\"@type\":\"ListItem\",\"position\":1,\"name\":\"Home\",\"item\":\"https:\/\/www.tepaseul-magazine.fr\/accueil\/\"},{\"@type\":\"ListItem\",\"position\":2,\"name\":\"CHOISIR SES LUNETTES\"}]},{\"@type\":\"WebSite\",\"@id\":\"https:\/\/www.tepaseul-magazine.fr\/accueil\/#website\",\"url\":\"https:\/\/www.tepaseul-magazine.fr\/accueil\/\",\"name\":\"Tepaseul\",\"description\":\"Le Magazine des solibattants\",\"publisher\":{\"@id\":\"https:\/\/www.tepaseul-magazine.fr\/accueil\/#organization\"},\"potentialAction\":[{\"@type\":\"SearchAction\",\"target\":{\"@type\":\"EntryPoint\",\"urlTemplate\":\"https:\/\/www.tepaseul-magazine.fr\/accueil\/?s={search_term_string}\"},\"query-input\":\"required name=search_term_string\"}],\"inLanguage\":\"fr-FR\"},{\"@type\":\"Organization\",\"@id\":\"https:\/\/www.tepaseul-magazine.fr\/accueil\/#organization\",\"name\":\"Tepaseul\",\"url\":\"https:\/\/www.tepaseul-magazine.fr\/accueil\/\",\"logo\":{\"@type\":\"ImageObject\",\"inLanguage\":\"fr-FR\",\"@id\":\"https:\/\/www.tepaseul-magazine.fr\/accueil\/#\/schema\/logo\/image\/\",\"url\":\"https:\/\/www.tepaseul-magazine.fr\/wp-content\/uploads\/2014\/12\/logo_doublev2-noir.png\",\"contentUrl\":\"https:\/\/www.tepaseul-magazine.fr\/wp-content\/uploads\/2014\/12\/logo_doublev2-noir.png\",\"width\":205,\"height\":51,\"caption\":\"Tepaseul\"},\"image\":{\"@id\":\"https:\/\/www.tepaseul-magazine.fr\/accueil\/#\/schema\/logo\/image\/\"}}]}<\/script>\n<!-- \/ Yoast SEO plugin. -->","yoast_head_json":{"title":"CHOISIR SES LUNETTES - Tepaseul","robots":{"index":"index","follow":"follow","max-snippet":"max-snippet:-1","max-image-preview":"max-image-preview:large","max-video-preview":"max-video-preview:-1"},"canonical":"https:\/\/www.tepaseul-magazine.fr\/accueil\/choisir-ses-lunettes\/","og_locale":"fr_FR","og_type":"article","og_title":"CHOISIR SES LUNETTES - Tepaseul","og_description":"Conseil lunettes, visage rond En effet vos lunettes font partie de vous et dans bien des cas vous vivez avec 24h\/24 ! Il est donc plus que fondamental de choisir une monture confortable, que vous aimez et qui vous met en valeur. Type de correction...","og_url":"https:\/\/www.tepaseul-magazine.fr\/accueil\/choisir-ses-lunettes\/","og_site_name":"Tepaseul","article_modified_time":"2016-02-04T11:40:47+00:00","og_image":[{"width":168,"height":144,"url":"https:\/\/www.tepaseul-magazine.fr\/wp-content\/uploads\/2015\/01\/17387772-vector-illustration-beaux-yeux-bleu-femelle1.jpg","type":"image\/jpeg"}],"schema":{"@context":"https:\/\/schema.org","@graph":[{"@type":"WebPage","@id":"https:\/\/www.tepaseul-magazine.fr\/accueil\/choisir-ses-lunettes\/","url":"https:\/\/www.tepaseul-magazine.fr\/accueil\/choisir-ses-lunettes\/","name":"CHOISIR SES LUNETTES - Tepaseul","isPartOf":{"@id":"https:\/\/www.tepaseul-magazine.fr\/accueil\/#website"},"datePublished":"2015-12-29T16:15:36+00:00","dateModified":"2016-02-04T11:40:47+00:00","breadcrumb":{"@id":"https:\/\/www.tepaseul-magazine.fr\/accueil\/choisir-ses-lunettes\/#breadcrumb"},"inLanguage":"fr-FR","potentialAction":[{"@type":"ReadAction","target":["https:\/\/www.tepaseul-magazine.fr\/accueil\/choisir-ses-lunettes\/"]}]},{"@type":"BreadcrumbList","@id":"https:\/\/www.tepaseul-magazine.fr\/accueil\/choisir-ses-lunettes\/#breadcrumb","itemListElement":[{"@type":"ListItem","position":1,"name":"Home","item":"https:\/\/www.tepaseul-magazine.fr\/accueil\/"},{"@type":"ListItem","position":2,"name":"CHOISIR SES LUNETTES"}]},{"@type":"WebSite","@id":"https:\/\/www.tepaseul-magazine.fr\/accueil\/#website","url":"https:\/\/www.tepaseul-magazine.fr\/accueil\/","name":"Tepaseul","description":"Le Magazine des solibattants","publisher":{"@id":"https:\/\/www.tepaseul-magazine.fr\/accueil\/#organization"},"potentialAction":[{"@type":"SearchAction","target":{"@type":"EntryPoint","urlTemplate":"https:\/\/www.tepaseul-magazine.fr\/accueil\/?s={search_term_string}"},"query-input":"required name=search_term_string"}],"inLanguage":"fr-FR"},{"@type":"Organization","@id":"https:\/\/www.tepaseul-magazine.fr\/accueil\/#organization","name":"Tepaseul","url":"https:\/\/www.tepaseul-magazine.fr\/accueil\/","logo":{"@type":"ImageObject","inLanguage":"fr-FR","@id":"https:\/\/www.tepaseul-magazine.fr\/accueil\/#\/schema\/logo\/image\/","url":"https:\/\/www.tepaseul-magazine.fr\/wp-content\/uploads\/2014\/12\/logo_doublev2-noir.png","contentUrl":"https:\/\/www.tepaseul-magazine.fr\/wp-content\/uploads\/2014\/12\/logo_doublev2-noir.png","width":205,"height":51,"caption":"Tepaseul"},"image":{"@id":"https:\/\/www.tepaseul-magazine.fr\/accueil\/#\/schema\/logo\/image\/"}}]}},"_links":{"self":[{"href":"https:\/\/www.tepaseul-magazine.fr\/accueil\/wp-json\/wp\/v2\/pages\/11109"}],"collection":[{"href":"https:\/\/www.tepaseul-magazine.fr\/accueil\/wp-json\/wp\/v2\/pages"}],"about":[{"href":"https:\/\/www.tepaseul-magazine.fr\/accueil\/wp-json\/wp\/v2\/types\/page"}],"author":[{"embeddable":true,"href":"https:\/\/www.tepaseul-magazine.fr\/accueil\/wp-json\/wp\/v2\/users\/2"}],"replies":[{"embeddable":true,"href":"https:\/\/www.tepaseul-magazine.fr\/accueil\/wp-json\/wp\/v2\/comments?post=11109"}],"version-history":[{"count":3,"href":"https:\/\/www.tepaseul-magazine.fr\/accueil\/wp-json\/wp\/v2\/pages\/11109\/revisions"}],"predecessor-version":[{"id":11188,"href":"https:\/\/www.tepaseul-magazine.fr\/accueil\/wp-json\/wp\/v2\/pages\/11109\/revisions\/11188"}],"wp:featuredmedia":[{"embeddable":true,"href":"https:\/\/www.tepaseul-magazine.fr\/accueil\/wp-json\/wp\/v2\/media\/10400"}],"wp:attachment":[{"href":"https:\/\/www.tepaseul-magazine.fr\/accueil\/wp-json\/wp\/v2\/media?parent=11109"}],"curies":[{"name":"wp","href":"https:\/\/api.w.org\/{rel}","templated":true}]}}