{"id":11213,"date":"2016-03-03T11:56:37","date_gmt":"2016-03-03T10:56:37","guid":{"rendered":"http:\/\/www.tepaseul-magazine.fr\/?page_id=11213"},"modified":"2016-03-03T11:56:37","modified_gmt":"2016-03-03T10:56:37","slug":"bon-plan-pour-retrouver-votre-voiture","status":"publish","type":"page","link":"https:\/\/www.tepaseul-magazine.fr\/accueil\/bon-plan-pour-retrouver-votre-voiture\/","title":{"rendered":"BON PLAN POUR RETROUVER VOTRE VOITURE"},"content":{"rendered":"<p><strong>Lancement de l\u2019application Tuture<\/strong><br \/>\n<strong> Application s\u00e9lectionn\u00e9e et pr\u00e9sent\u00e9e comme sensationnelle par Apple en juin 2015<\/strong><\/p>\n<p>Une application gratuite sans e\u0301quivalent pour iPhone 5S \/ 6 \/ 6+ et futurs iPhone<\/p>\n<p>L\u2019application pour ne plus oublier ou l\u2019on s\u2019est gare\u0301.<\/p>\n<p>4e\u0300me application de l\u2019agence web VRDCI; Tuture permet de connai\u0302tre la dernie\u0300re position de sa voiture sans aucune intervention ni accessoire et ce quelque soit la marque de la voiture.<\/p>\n<p>Une application ine\u0301dite<\/p>\n<p>Une application innovante<\/p>\n<p>Avec Tuture, il est possible de :<\/p>\n<ul>\n<li>Connai\u0302tre la localisation de<\/li>\n<\/ul>\n<p>votre voiture au moment ou vous l\u2019avez quitte\u0301e. Si le conducteur s\u2019est gare\u0301 dans un parking sous terrain, l\u2019entre\u0301e du parking sera retenue.<\/p>\n<ul>\n<li>Saisir manuellement une<br \/>\nCela peut toujours<br \/>\nservir et pour les iphone plus anciens (4, 4S, 5).<\/li>\n<li>Activer \/ De\u0301sactiver les notifications qui vont vous pre\u0301venir si l\u2019application est coupe\u0301e (ex : plus de batterie, utilisateur qui la de\u0301sactive par me\u0301garde&#8230;)<\/li>\n<li>Dans les e\u0301volutions a\u0300 venir dans l\u2019anne\u0301e, Tuture sera en mesure d\u2019informer en temps re\u0301el lorsqu\u2019une place se libe\u0301rera a\u0300 proximite\u0301 de votre voiture.<\/li>\n<\/ul>\n<p>S\u2019il existe de nombreuses applications qui proposent de retrouver sa voiture en cliquant sur un bouton, Tuture se distingue en permettant de le faire automatiquement, sans accessoires et en ve\u0301rifiant en permanence que l\u2019application est bien fonctionnelle.<\/p>\n<p>Site web : www.tuture.fr<br \/>\nLien de te\u0301le\u0301chargement sur l\u2019AppStore : https:\/\/itunes.apple.com\/fr\/app\/tuture-retrouver-sa-voiture\/id957289330<\/p>\n<p>A\u0300 propos de VRDCI<\/p>\n<p>Etablie depuis 1999, l\u2019agence web VRDCI propose une offre polymorphe et sur mesure me\u0302lant cre\u0301ation de sites Internet complexes, d\u2019intranets et d\u2019applicatifs. Cependant, son c\u0153ur de me\u0301tier reste le re\u0301fe\u0301rencement naturel, pour lequel elle propose la seule prestation avec paiement aux re\u0301sultats sur la premie\u0300re page de Google.<\/p>\n<p>&nbsp;<\/p>\n","protected":false},"excerpt":{"rendered":"<p>Lancement de l\u2019application Tuture Application s\u00e9lectionn\u00e9e et pr\u00e9sent\u00e9e comme sensationnelle par Apple en juin 2015 Une application gratuite sans e\u0301quivalent pour iPhone 5S \/ 6 \/ 6+ et futurs iPhone L\u2019application pour ne plus oublier ou l\u2019on s\u2019est gare\u0301. 4e\u0300me application de l\u2019agence web VRDCI;&#8230;<\/p>\n","protected":false},"author":2,"featured_media":11214,"parent":0,"menu_order":0,"comment_status":"closed","ping_status":"closed","template":"","meta":{"footnotes":""},"yoast_head":"<!-- This site is optimized with the Yoast SEO plugin v21.9.1 - https:\/\/yoast.com\/wordpress\/plugins\/seo\/ -->\n<title>BON PLAN POUR RETROUVER VOTRE VOITURE - Tepaseul<\/title>\n<meta name=\"robots\" content=\"index, follow, max-snippet:-1, max-image-preview:large, max-video-preview:-1\" \/>\n<link rel=\"canonical\" href=\"https:\/\/www.tepaseul-magazine.fr\/accueil\/bon-plan-pour-retrouver-votre-voiture\/\" \/>\n<meta property=\"og:locale\" content=\"fr_FR\" \/>\n<meta property=\"og:type\" content=\"article\" \/>\n<meta property=\"og:title\" content=\"BON PLAN POUR RETROUVER VOTRE VOITURE - Tepaseul\" \/>\n<meta property=\"og:description\" content=\"Lancement de l\u2019application Tuture Application s\u00e9lectionn\u00e9e et pr\u00e9sent\u00e9e comme sensationnelle par Apple en juin 2015 Une application gratuite sans e\u0301quivalent pour iPhone 5S \/ 6 \/ 6+ et futurs iPhone L\u2019application pour ne plus oublier ou l\u2019on s\u2019est gare\u0301. 4e\u0300me application de l\u2019agence web VRDCI;...\" \/>\n<meta property=\"og:url\" content=\"https:\/\/www.tepaseul-magazine.fr\/accueil\/bon-plan-pour-retrouver-votre-voiture\/\" \/>\n<meta property=\"og:site_name\" content=\"Tepaseul\" \/>\n<meta property=\"og:image\" content=\"https:\/\/www.tepaseul-magazine.fr\/wp-content\/uploads\/2016\/03\/compass-152121__180.png\" \/>\n\t<meta property=\"og:image:width\" content=\"180\" \/>\n\t<meta property=\"og:image:height\" content=\"180\" \/>\n\t<meta property=\"og:image:type\" content=\"image\/png\" \/>\n<script type=\"application\/ld+json\" class=\"yoast-schema-graph\">{\"@context\":\"https:\/\/schema.org\",\"@graph\":[{\"@type\":\"WebPage\",\"@id\":\"https:\/\/www.tepaseul-magazine.fr\/accueil\/bon-plan-pour-retrouver-votre-voiture\/\",\"url\":\"https:\/\/www.tepaseul-magazine.fr\/accueil\/bon-plan-pour-retrouver-votre-voiture\/\",\"name\":\"BON PLAN POUR RETROUVER VOTRE VOITURE - Tepaseul\",\"isPartOf\":{\"@id\":\"https:\/\/www.tepaseul-magazine.fr\/accueil\/#website\"},\"datePublished\":\"2016-03-03T10:56:37+00:00\",\"dateModified\":\"2016-03-03T10:56:37+00:00\",\"breadcrumb\":{\"@id\":\"https:\/\/www.tepaseul-magazine.fr\/accueil\/bon-plan-pour-retrouver-votre-voiture\/#breadcrumb\"},\"inLanguage\":\"fr-FR\",\"potentialAction\":[{\"@type\":\"ReadAction\",\"target\":[\"https:\/\/www.tepaseul-magazine.fr\/accueil\/bon-plan-pour-retrouver-votre-voiture\/\"]}]},{\"@type\":\"BreadcrumbList\",\"@id\":\"https:\/\/www.tepaseul-magazine.fr\/accueil\/bon-plan-pour-retrouver-votre-voiture\/#breadcrumb\",\"itemListElement\":[{\"@type\":\"ListItem\",\"position\":1,\"name\":\"Home\",\"item\":\"https:\/\/www.tepaseul-magazine.fr\/accueil\/\"},{\"@type\":\"ListItem\",\"position\":2,\"name\":\"BON PLAN POUR RETROUVER VOTRE VOITURE\"}]},{\"@type\":\"WebSite\",\"@id\":\"https:\/\/www.tepaseul-magazine.fr\/accueil\/#website\",\"url\":\"https:\/\/www.tepaseul-magazine.fr\/accueil\/\",\"name\":\"Tepaseul\",\"description\":\"Le Magazine des solibattants\",\"publisher\":{\"@id\":\"https:\/\/www.tepaseul-magazine.fr\/accueil\/#organization\"},\"potentialAction\":[{\"@type\":\"SearchAction\",\"target\":{\"@type\":\"EntryPoint\",\"urlTemplate\":\"https:\/\/www.tepaseul-magazine.fr\/accueil\/?s={search_term_string}\"},\"query-input\":\"required name=search_term_string\"}],\"inLanguage\":\"fr-FR\"},{\"@type\":\"Organization\",\"@id\":\"https:\/\/www.tepaseul-magazine.fr\/accueil\/#organization\",\"name\":\"Tepaseul\",\"url\":\"https:\/\/www.tepaseul-magazine.fr\/accueil\/\",\"logo\":{\"@type\":\"ImageObject\",\"inLanguage\":\"fr-FR\",\"@id\":\"https:\/\/www.tepaseul-magazine.fr\/accueil\/#\/schema\/logo\/image\/\",\"url\":\"https:\/\/www.tepaseul-magazine.fr\/wp-content\/uploads\/2014\/12\/logo_doublev2-noir.png\",\"contentUrl\":\"https:\/\/www.tepaseul-magazine.fr\/wp-content\/uploads\/2014\/12\/logo_doublev2-noir.png\",\"width\":205,\"height\":51,\"caption\":\"Tepaseul\"},\"image\":{\"@id\":\"https:\/\/www.tepaseul-magazine.fr\/accueil\/#\/schema\/logo\/image\/\"}}]}<\/script>\n<!-- \/ Yoast SEO plugin. -->","yoast_head_json":{"title":"BON PLAN POUR RETROUVER VOTRE VOITURE - Tepaseul","robots":{"index":"index","follow":"follow","max-snippet":"max-snippet:-1","max-image-preview":"max-image-preview:large","max-video-preview":"max-video-preview:-1"},"canonical":"https:\/\/www.tepaseul-magazine.fr\/accueil\/bon-plan-pour-retrouver-votre-voiture\/","og_locale":"fr_FR","og_type":"article","og_title":"BON PLAN POUR RETROUVER VOTRE VOITURE - Tepaseul","og_description":"Lancement de l\u2019application Tuture Application s\u00e9lectionn\u00e9e et pr\u00e9sent\u00e9e comme sensationnelle par Apple en juin 2015 Une application gratuite sans e\u0301quivalent pour iPhone 5S \/ 6 \/ 6+ et futurs iPhone L\u2019application pour ne plus oublier ou l\u2019on s\u2019est gare\u0301. 4e\u0300me application de l\u2019agence web VRDCI;...","og_url":"https:\/\/www.tepaseul-magazine.fr\/accueil\/bon-plan-pour-retrouver-votre-voiture\/","og_site_name":"Tepaseul","og_image":[{"width":180,"height":180,"url":"https:\/\/www.tepaseul-magazine.fr\/wp-content\/uploads\/2016\/03\/compass-152121__180.png","type":"image\/png"}],"schema":{"@context":"https:\/\/schema.org","@graph":[{"@type":"WebPage","@id":"https:\/\/www.tepaseul-magazine.fr\/accueil\/bon-plan-pour-retrouver-votre-voiture\/","url":"https:\/\/www.tepaseul-magazine.fr\/accueil\/bon-plan-pour-retrouver-votre-voiture\/","name":"BON PLAN POUR RETROUVER VOTRE VOITURE - Tepaseul","isPartOf":{"@id":"https:\/\/www.tepaseul-magazine.fr\/accueil\/#website"},"datePublished":"2016-03-03T10:56:37+00:00","dateModified":"2016-03-03T10:56:37+00:00","breadcrumb":{"@id":"https:\/\/www.tepaseul-magazine.fr\/accueil\/bon-plan-pour-retrouver-votre-voiture\/#breadcrumb"},"inLanguage":"fr-FR","potentialAction":[{"@type":"ReadAction","target":["https:\/\/www.tepaseul-magazine.fr\/accueil\/bon-plan-pour-retrouver-votre-voiture\/"]}]},{"@type":"BreadcrumbList","@id":"https:\/\/www.tepaseul-magazine.fr\/accueil\/bon-plan-pour-retrouver-votre-voiture\/#breadcrumb","itemListElement":[{"@type":"ListItem","position":1,"name":"Home","item":"https:\/\/www.tepaseul-magazine.fr\/accueil\/"},{"@type":"ListItem","position":2,"name":"BON PLAN POUR RETROUVER VOTRE VOITURE"}]},{"@type":"WebSite","@id":"https:\/\/www.tepaseul-magazine.fr\/accueil\/#website","url":"https:\/\/www.tepaseul-magazine.fr\/accueil\/","name":"Tepaseul","description":"Le Magazine des solibattants","publisher":{"@id":"https:\/\/www.tepaseul-magazine.fr\/accueil\/#organization"},"potentialAction":[{"@type":"SearchAction","target":{"@type":"EntryPoint","urlTemplate":"https:\/\/www.tepaseul-magazine.fr\/accueil\/?s={search_term_string}"},"query-input":"required name=search_term_string"}],"inLanguage":"fr-FR"},{"@type":"Organization","@id":"https:\/\/www.tepaseul-magazine.fr\/accueil\/#organization","name":"Tepaseul","url":"https:\/\/www.tepaseul-magazine.fr\/accueil\/","logo":{"@type":"ImageObject","inLanguage":"fr-FR","@id":"https:\/\/www.tepaseul-magazine.fr\/accueil\/#\/schema\/logo\/image\/","url":"https:\/\/www.tepaseul-magazine.fr\/wp-content\/uploads\/2014\/12\/logo_doublev2-noir.png","contentUrl":"https:\/\/www.tepaseul-magazine.fr\/wp-content\/uploads\/2014\/12\/logo_doublev2-noir.png","width":205,"height":51,"caption":"Tepaseul"},"image":{"@id":"https:\/\/www.tepaseul-magazine.fr\/accueil\/#\/schema\/logo\/image\/"}}]}},"_links":{"self":[{"href":"https:\/\/www.tepaseul-magazine.fr\/accueil\/wp-json\/wp\/v2\/pages\/11213"}],"collection":[{"href":"https:\/\/www.tepaseul-magazine.fr\/accueil\/wp-json\/wp\/v2\/pages"}],"about":[{"href":"https:\/\/www.tepaseul-magazine.fr\/accueil\/wp-json\/wp\/v2\/types\/page"}],"author":[{"embeddable":true,"href":"https:\/\/www.tepaseul-magazine.fr\/accueil\/wp-json\/wp\/v2\/users\/2"}],"replies":[{"embeddable":true,"href":"https:\/\/www.tepaseul-magazine.fr\/accueil\/wp-json\/wp\/v2\/comments?post=11213"}],"version-history":[{"count":1,"href":"https:\/\/www.tepaseul-magazine.fr\/accueil\/wp-json\/wp\/v2\/pages\/11213\/revisions"}],"predecessor-version":[{"id":11215,"href":"https:\/\/www.tepaseul-magazine.fr\/accueil\/wp-json\/wp\/v2\/pages\/11213\/revisions\/11215"}],"wp:featuredmedia":[{"embeddable":true,"href":"https:\/\/www.tepaseul-magazine.fr\/accueil\/wp-json\/wp\/v2\/media\/11214"}],"wp:attachment":[{"href":"https:\/\/www.tepaseul-magazine.fr\/accueil\/wp-json\/wp\/v2\/media?parent=11213"}],"curies":[{"name":"wp","href":"https:\/\/api.w.org\/{rel}","templated":true}]}}