{"id":7550,"date":"2014-03-27T17:10:46","date_gmt":"2014-03-27T16:10:46","guid":{"rendered":"http:\/\/www.tepaseul-magazine.fr\/?page_id=7550"},"modified":"2014-04-07T20:03:07","modified_gmt":"2014-04-07T19:03:07","slug":"evenements","status":"publish","type":"page","link":"https:\/\/www.tepaseul-magazine.fr\/accueil\/evenements\/","title":{"rendered":"\u00c9v\u00e9nements"},"content":{"rendered":"<div  class=\"wpb_row vc_row-fluid\" style=\"text-align:left;\"><section class=\"section \" style=' padding-top:77px; padding-bottom:77px;'><div class=\"section_inner clearfix\">\n\t<div class=\"vc_span12 wpb_column column_container\">\n\t\t<div class=\"wpb_wrapper\">\n\t\t\t<div class='latest_post_holder'><ul><li class=\"four\"><div class=\"latest_post\"><a href=\"https:\/\/www.tepaseul-magazine.fr\/accueil\/nos-voeux-pour-2023\/\" class=\"latest_post_wrapper\"><img loading=\"lazy\" decoding=\"async\" width=\"441\" height=\"340\" src=\"https:\/\/www.tepaseul-magazine.fr\/wp-content\/uploads\/2022\/12\/rose-398576__340.png\" class=\"attachment-full size-full wp-post-image\" alt=\"\" srcset=\"https:\/\/www.tepaseul-magazine.fr\/wp-content\/uploads\/2022\/12\/rose-398576__340.png 441w, https:\/\/www.tepaseul-magazine.fr\/wp-content\/uploads\/2022\/12\/rose-398576__340-300x231.png 300w\" sizes=\"(max-width: 441px) 100vw, 441px\" \/><\/a><div class=\"latest_post_text\"><div class=\"latest_post_inner\"><span class=\"post_infos\"><span class=\"date_holder\"><span class=\"date\">30 <\/span><span class=\"month\">d\u00e9cembre<\/span><\/span><span class=\"latest-vert-separator\">  |  <\/span><a class=\"post_author\" href=\"https:\/\/www.tepaseul-magazine.fr\/accueil\/author\/chantal-rolland\/\">Chantal Rolland <\/a><span class=\"latest-vert-separator\">  |  <\/span> <a href=\"https:\/\/www.tepaseul-magazine.fr\/accueil\/category\/evenements\/\">\u00c9v\u00e9nements <\/a> <span class=\"latest-vert-separator\">  |  <\/span><a class=\"post_comments\" href=\"https:\/\/www.tepaseul-magazine.fr\/accueil\/nos-voeux-pour-2023\/#respond\">Pas de commentaire<\/a><\/span><h3 class=\"latest_post_title\"><a href=\"https:\/\/www.tepaseul-magazine.fr\/accueil\/nos-voeux-pour-2023\/\">NOS VOEUX POUR 2023<\/a><\/h3><\/div><p>Et nous voil\u00e0 d\u00e9j\u00e0 entrant dans une nouvelle ann\u00e9e ! Que le temps passe vite !\u00a0 Comme tous les ans, nous aimons vus souhaiter cette nouvelle ann\u00e9e avec plein de Joie, de Bonheur, que la sant\u00e9 soit au rendez vous, q...<\/p><\/div><\/div><\/li><li class=\"four\"><div class=\"latest_post\"><a href=\"https:\/\/www.tepaseul-magazine.fr\/accueil\/evenement-deja-la-rentree\/\" class=\"latest_post_wrapper\"><img loading=\"lazy\" decoding=\"async\" width=\"509\" height=\"339\" src=\"https:\/\/www.tepaseul-magazine.fr\/wp-content\/uploads\/2022\/08\/istockphoto-1338737959-170667a.jpg\" class=\"attachment-full size-full wp-post-image\" alt=\"\" srcset=\"https:\/\/www.tepaseul-magazine.fr\/wp-content\/uploads\/2022\/08\/istockphoto-1338737959-170667a.jpg 509w, https:\/\/www.tepaseul-magazine.fr\/wp-content\/uploads\/2022\/08\/istockphoto-1338737959-170667a-300x200.jpg 300w, https:\/\/www.tepaseul-magazine.fr\/wp-content\/uploads\/2022\/08\/istockphoto-1338737959-170667a-480x320.jpg 480w\" sizes=\"(max-width: 509px) 100vw, 509px\" \/><\/a><div class=\"latest_post_text\"><div class=\"latest_post_inner\"><span class=\"post_infos\"><span class=\"date_holder\"><span class=\"date\">27 <\/span><span class=\"month\">ao\u00fbt<\/span><\/span><span class=\"latest-vert-separator\">  |  <\/span><a class=\"post_author\" href=\"https:\/\/www.tepaseul-magazine.fr\/accueil\/author\/chantal-rolland\/\">Chantal Rolland <\/a><span class=\"latest-vert-separator\">  |  <\/span> <a href=\"https:\/\/www.tepaseul-magazine.fr\/accueil\/category\/evenements\/\">\u00c9v\u00e9nements <\/a> <span class=\"latest-vert-separator\">  |  <\/span><a class=\"post_comments\" href=\"https:\/\/www.tepaseul-magazine.fr\/accueil\/evenement-deja-la-rentree\/#respond\">Pas de commentaire<\/a><\/span><h3 class=\"latest_post_title\"><a href=\"https:\/\/www.tepaseul-magazine.fr\/accueil\/evenement-deja-la-rentree\/\">EVENEMENT : DEJA LA RENTREE<\/a><\/h3><\/div><p>H\u00e9 oui ! l&rsquo;\u00e9t\u00e9 est d\u00e9j\u00e0 presque fini et il faut reprendre le chemin de la rentr\u00e9e.\u00a0 Les enseignants se remettent en route pour une nouvelle ann\u00e9e. Les \u00e9coliers pr\u00e9parent avec une certaine appr\u00e9hension leu...<\/p><\/div><\/div><\/li><li class=\"four\"><div class=\"latest_post\"><a href=\"https:\/\/www.tepaseul-magazine.fr\/accueil\/levenement-de-ce-mois-de-fevrier\/\" class=\"latest_post_wrapper\"><img loading=\"lazy\" decoding=\"async\" width=\"450\" height=\"320\" src=\"https:\/\/www.tepaseul-magazine.fr\/wp-content\/uploads\/2017\/04\/11466783-ciel-rouge-le-soir-avec-le-paysage-toil-et-les-montagnes.jpg\" class=\"attachment-full size-full wp-post-image\" alt=\"\" srcset=\"https:\/\/www.tepaseul-magazine.fr\/wp-content\/uploads\/2017\/04\/11466783-ciel-rouge-le-soir-avec-le-paysage-toil-et-les-montagnes.jpg 450w, https:\/\/www.tepaseul-magazine.fr\/wp-content\/uploads\/2017\/04\/11466783-ciel-rouge-le-soir-avec-le-paysage-toil-et-les-montagnes-300x213.jpg 300w\" sizes=\"(max-width: 450px) 100vw, 450px\" \/><\/a><div class=\"latest_post_text\"><div class=\"latest_post_inner\"><span class=\"post_infos\"><span class=\"date_holder\"><span class=\"date\">03 <\/span><span class=\"month\">f\u00e9vrier<\/span><\/span><span class=\"latest-vert-separator\">  |  <\/span><a class=\"post_author\" href=\"https:\/\/www.tepaseul-magazine.fr\/accueil\/author\/chantal-rolland\/\">Chantal Rolland <\/a><span class=\"latest-vert-separator\">  |  <\/span> <a href=\"https:\/\/www.tepaseul-magazine.fr\/accueil\/category\/evenements\/\">\u00c9v\u00e9nements <\/a> <span class=\"latest-vert-separator\">  |  <\/span><a class=\"post_comments\" href=\"https:\/\/www.tepaseul-magazine.fr\/accueil\/levenement-de-ce-mois-de-fevrier\/#respond\">Pas de commentaire<\/a><\/span><h3 class=\"latest_post_title\"><a href=\"https:\/\/www.tepaseul-magazine.fr\/accueil\/levenement-de-ce-mois-de-fevrier\/\">L&rsquo;\u00e9v\u00e9nement de ce mois de f\u00e9vrier<\/a><\/h3><\/div><p>sEn ce 3 f\u00e9vrier 2023, j&rsquo;apprends le d\u00e9part de Paco Rabanne&#8230;&#8230;pour l&rsquo;autre monde&#8230;.; Un grand homme aupr\u00e8s qui je tiens, au travers de tepasulmagazine, \u00e0 lui faire un hommage digne de sa gr...<\/p><\/div><\/div><\/li><li class=\"four\"><div class=\"latest_post\"><a href=\"https:\/\/www.tepaseul-magazine.fr\/accueil\/evenements-reprise-de-tepaseul\/\" class=\"latest_post_wrapper\"><img loading=\"lazy\" decoding=\"async\" width=\"2560\" height=\"1440\" src=\"https:\/\/www.tepaseul-magazine.fr\/wp-content\/uploads\/2023\/07\/20170415_172650-scaled.jpg\" class=\"attachment-full size-full wp-post-image\" alt=\"\" srcset=\"https:\/\/www.tepaseul-magazine.fr\/wp-content\/uploads\/2023\/07\/20170415_172650-scaled.jpg 2560w, https:\/\/www.tepaseul-magazine.fr\/wp-content\/uploads\/2023\/07\/20170415_172650-300x169.jpg 300w, https:\/\/www.tepaseul-magazine.fr\/wp-content\/uploads\/2023\/07\/20170415_172650-1024x576.jpg 1024w, https:\/\/www.tepaseul-magazine.fr\/wp-content\/uploads\/2023\/07\/20170415_172650-768x432.jpg 768w, https:\/\/www.tepaseul-magazine.fr\/wp-content\/uploads\/2023\/07\/20170415_172650-1536x864.jpg 1536w, https:\/\/www.tepaseul-magazine.fr\/wp-content\/uploads\/2023\/07\/20170415_172650-2048x1152.jpg 2048w\" sizes=\"(max-width: 2560px) 100vw, 2560px\" \/><\/a><div class=\"latest_post_text\"><div class=\"latest_post_inner\"><span class=\"post_infos\"><span class=\"date_holder\"><span class=\"date\">14 <\/span><span class=\"month\">juin<\/span><\/span><span class=\"latest-vert-separator\">  |  <\/span><a class=\"post_author\" href=\"https:\/\/www.tepaseul-magazine.fr\/accueil\/author\/chantal-rolland\/\">Chantal Rolland <\/a><span class=\"latest-vert-separator\">  |  <\/span> <a href=\"https:\/\/www.tepaseul-magazine.fr\/accueil\/category\/evenements\/\">\u00c9v\u00e9nements <\/a> <span class=\"latest-vert-separator\">  |  <\/span><a class=\"post_comments\" href=\"https:\/\/www.tepaseul-magazine.fr\/accueil\/evenements-reprise-de-tepaseul\/#respond\">Pas de commentaire<\/a><\/span><h3 class=\"latest_post_title\"><a href=\"https:\/\/www.tepaseul-magazine.fr\/accueil\/evenements-reprise-de-tepaseul\/\">EVENEMENTS : REPRISE DE TEPASEUL<\/a><\/h3><\/div><p>Comme vous avez pu le constater, ce magazine est rest\u00e9 muet pendant un trimestre ! En 30 ans, il n&rsquo;avait jamais connu cela&#8230; J&rsquo;en suis vraiment d\u00e9sol\u00e9e&#8230;. La vie nous r\u00e9serve souvent de belles su...<\/p><\/div><\/div><\/li><span class=\"latest_post_clear\"><\/span><li class=\"four\"><div class=\"latest_post\"><a href=\"https:\/\/www.tepaseul-magazine.fr\/accueil\/evenement\/\" class=\"latest_post_wrapper\"><img loading=\"lazy\" decoding=\"async\" width=\"272\" height=\"185\" src=\"https:\/\/www.tepaseul-magazine.fr\/wp-content\/uploads\/2021\/11\/images-3.jpeg\" class=\"attachment-full size-full wp-post-image\" alt=\"\" \/><\/a><div class=\"latest_post_text\"><div class=\"latest_post_inner\"><span class=\"post_infos\"><span class=\"date_holder\"><span class=\"date\">04 <\/span><span class=\"month\">d\u00e9cembre<\/span><\/span><span class=\"latest-vert-separator\">  |  <\/span><a class=\"post_author\" href=\"https:\/\/www.tepaseul-magazine.fr\/accueil\/author\/chantal-rolland\/\">Chantal Rolland <\/a><span class=\"latest-vert-separator\">  |  <\/span> <a href=\"https:\/\/www.tepaseul-magazine.fr\/accueil\/category\/evenements\/\">\u00c9v\u00e9nements <\/a> <span class=\"latest-vert-separator\">  |  <\/span><a class=\"post_comments\" href=\"https:\/\/www.tepaseul-magazine.fr\/accueil\/evenement\/#respond\">Pas de commentaire<\/a><\/span><h3 class=\"latest_post_title\"><a href=\"https:\/\/www.tepaseul-magazine.fr\/accueil\/evenement\/\">EVENEMENT :<\/a><\/h3><\/div><p>Les illuminations ext\u00e9rieures \u00e0 No\u00ebl La p\u00e9riode de No\u00ebl est formidablement propice \u00e0 la cr\u00e9ation artistique personnelle. Quand bien m\u00eame vous n\u2019auriez pas ou plus d\u2019enfants \u00e0 la maison, ou que vous vivriez se...<\/p><\/div><\/div><\/li><li class=\"four\"><div class=\"latest_post\"><a href=\"https:\/\/www.tepaseul-magazine.fr\/accueil\/fierte-tepaseul-livre-karine-micard-elu-lunanimite-les-lecteurs\/\" class=\"latest_post_wrapper\"><img loading=\"lazy\" decoding=\"async\" width=\"1200\" height=\"675\" src=\"https:\/\/www.tepaseul-magazine.fr\/wp-content\/uploads\/2008\/09\/NABUCCO-AU-STADE-DE-FRANCE.jpg\" class=\"attachment-full size-full wp-post-image\" alt=\"\" srcset=\"https:\/\/www.tepaseul-magazine.fr\/wp-content\/uploads\/2008\/09\/NABUCCO-AU-STADE-DE-FRANCE.jpg 1200w, https:\/\/www.tepaseul-magazine.fr\/wp-content\/uploads\/2008\/09\/NABUCCO-AU-STADE-DE-FRANCE-300x168.jpg 300w, https:\/\/www.tepaseul-magazine.fr\/wp-content\/uploads\/2008\/09\/NABUCCO-AU-STADE-DE-FRANCE-1024x576.jpg 1024w\" sizes=\"(max-width: 1200px) 100vw, 1200px\" \/><\/a><div class=\"latest_post_text\"><div class=\"latest_post_inner\"><span class=\"post_infos\"><span class=\"date_holder\"><span class=\"date\">30 <\/span><span class=\"month\">avril<\/span><\/span><span class=\"latest-vert-separator\">  |  <\/span><a class=\"post_author\" href=\"https:\/\/www.tepaseul-magazine.fr\/accueil\/author\/chantal-rolland\/\">Chantal Rolland <\/a><span class=\"latest-vert-separator\">  |  <\/span> <a href=\"https:\/\/www.tepaseul-magazine.fr\/accueil\/category\/evenements\/\">\u00c9v\u00e9nements <\/a> <span class=\"latest-vert-separator\">  |  <\/span><a class=\"post_comments\" href=\"https:\/\/www.tepaseul-magazine.fr\/accueil\/fierte-tepaseul-livre-karine-micard-elu-lunanimite-les-lecteurs\/#respond\">Pas de commentaire<\/a><\/span><h3 class=\"latest_post_title\"><a href=\"https:\/\/www.tepaseul-magazine.fr\/accueil\/fierte-tepaseul-livre-karine-micard-elu-lunanimite-les-lecteurs\/\">LA FIERTE DE TEPASEUL: LE LIVRE DE KARINE MICARD ELU A L&rsquo;UNANIMITE PAR LES LECTEURS<\/a><\/h3><\/div><p>\u00a0 DEAUVILLE \u00a0\u00a0\u00a0\u00a0\u00a0\u00a0\u00a0\u00a0 Apr\u00e8s d\u00e9pouillement de l\u2019ensemble des bulletins, le Prix des Lecteurs a \u00e9t\u00e9, cette ann\u00e9e,\u00a0attribu\u00e9 \u00e0 Karine Micard pour Moi,\u00a0Giuseppina Verdi\u00a0 aux Editions Robert Laffont. L\u2019aut...<\/p><\/div><\/div><\/li><li class=\"four\"><div class=\"latest_post\"><a href=\"https:\/\/www.tepaseul-magazine.fr\/accueil\/meilleurs-voeux-2\/\" class=\"latest_post_wrapper\"><img loading=\"lazy\" decoding=\"async\" width=\"550\" height=\"509\" src=\"https:\/\/www.tepaseul-magazine.fr\/wp-content\/uploads\/2021\/11\/paysage-hiver-501.jpg\" class=\"attachment-full size-full wp-post-image\" alt=\"\" srcset=\"https:\/\/www.tepaseul-magazine.fr\/wp-content\/uploads\/2021\/11\/paysage-hiver-501.jpg 550w, https:\/\/www.tepaseul-magazine.fr\/wp-content\/uploads\/2021\/11\/paysage-hiver-501-300x278.jpg 300w\" sizes=\"(max-width: 550px) 100vw, 550px\" \/><\/a><div class=\"latest_post_text\"><div class=\"latest_post_inner\"><span class=\"post_infos\"><span class=\"date_holder\"><span class=\"date\">08 <\/span><span class=\"month\">janvier<\/span><\/span><span class=\"latest-vert-separator\">  |  <\/span><a class=\"post_author\" href=\"https:\/\/www.tepaseul-magazine.fr\/accueil\/author\/chantal-rolland\/\">Chantal Rolland <\/a><span class=\"latest-vert-separator\">  |  <\/span> <a href=\"https:\/\/www.tepaseul-magazine.fr\/accueil\/category\/evenements\/\">\u00c9v\u00e9nements <\/a> <span class=\"latest-vert-separator\">  |  <\/span><a class=\"post_comments\" href=\"https:\/\/www.tepaseul-magazine.fr\/accueil\/meilleurs-voeux-2\/#respond\">Pas de commentaire<\/a><\/span><h3 class=\"latest_post_title\"><a href=\"https:\/\/www.tepaseul-magazine.fr\/accueil\/meilleurs-voeux-2\/\">MEILLEURS VOEUX<\/a><\/h3><\/div><p>\u00a0 VOEUX DE JACQUES BREL EN 1968 Je vous souhaite des r\u00eaves \u00e0 n\u2019en plus finir et l\u2019envie furieuse d\u2019en r\u00e9aliser quelques uns. Je vous souhaite d\u2019aimer ce qu\u2019il faut aimer et d\u2019oublier ce qu\u2019il faut oublie...<\/p><\/div><\/div><\/li><li class=\"four\"><div class=\"latest_post\"><a href=\"https:\/\/www.tepaseul-magazine.fr\/accueil\/evenement-film-demain\/\" class=\"latest_post_wrapper\"><img loading=\"lazy\" decoding=\"async\" width=\"259\" height=\"194\" src=\"https:\/\/www.tepaseul-magazine.fr\/wp-content\/uploads\/2014\/07\/images.jpeg\" class=\"attachment-full size-full wp-post-image\" alt=\"\" \/><\/a><div class=\"latest_post_text\"><div class=\"latest_post_inner\"><span class=\"post_infos\"><span class=\"date_holder\"><span class=\"date\">29 <\/span><span class=\"month\">juillet<\/span><\/span><span class=\"latest-vert-separator\">  |  <\/span><a class=\"post_author\" href=\"https:\/\/www.tepaseul-magazine.fr\/accueil\/author\/chantal-rolland\/\">Chantal Rolland <\/a><span class=\"latest-vert-separator\">  |  <\/span> <a href=\"https:\/\/www.tepaseul-magazine.fr\/accueil\/category\/evenements\/\">\u00c9v\u00e9nements <\/a> <span class=\"latest-vert-separator\">  |  <\/span><a class=\"post_comments\" href=\"https:\/\/www.tepaseul-magazine.fr\/accueil\/evenement-film-demain\/#respond\">Pas de commentaire<\/a><\/span><h3 class=\"latest_post_title\"><a href=\"https:\/\/www.tepaseul-magazine.fr\/accueil\/evenement-film-demain\/\">EVENEMENT : LE FILM \u00ab\u00a0DEMAIN\u00a0\u00bb<\/a><\/h3><\/div><p>J&rsquo;ai envie de partager cette info qui m&rsquo;a \u00e9t\u00e9 communiqu\u00e9e et qui me parait \u00eatre essentielle pour notre futur \u00e0 tous&#8230; Prenez deux minutes de votre temps et visionnez cette vid\u00e9o. Vous connaissez tou...<\/p><\/div><\/div><\/li><span class=\"latest_post_clear\"><\/span><\/ul><\/div>\n\t\t<\/div> \n\t<\/div> \n<\/div><\/section><\/div>\n","protected":false},"excerpt":{"rendered":"J'ai envie de partager cette info qui m'a \u00e9t\u00e9 communiqu\u00e9e et qui me parait \u00eatre essentielle pour notre futur \u00e0 tous... Prenez deux minutes de votre temps et visionnez cette vid\u00e9o. Vous connaissez tous le producteur de ce futur film et l'actrice principale. Ecoutez les...","protected":false},"author":2,"featured_media":0,"parent":0,"menu_order":4,"comment_status":"open","ping_status":"open","template":"full_width.php","meta":{"footnotes":""},"yoast_head":"<!-- This site is optimized with the Yoast SEO plugin v21.9.1 - https:\/\/yoast.com\/wordpress\/plugins\/seo\/ -->\n<title>\u00c9v\u00e9nements - Tepaseul<\/title>\n<meta name=\"description\" content=\"Tous les \u00c9v\u00e9nements de tepaseul magazine pour vos sorties, spectacles, loisirs, litt\u00e9ratures, conf\u00e9rences, interview\" \/>\n<meta name=\"robots\" content=\"index, follow, max-snippet:-1, max-image-preview:large, max-video-preview:-1\" \/>\n<link rel=\"canonical\" href=\"https:\/\/www.tepaseul-magazine.fr\/accueil\/evenements\/\" \/>\n<meta property=\"og:locale\" content=\"fr_FR\" \/>\n<meta property=\"og:type\" content=\"article\" \/>\n<meta property=\"og:title\" content=\"\u00c9v\u00e9nements - Tepaseul\" \/>\n<meta property=\"og:description\" content=\"Tous les \u00c9v\u00e9nements de tepaseul magazine pour vos sorties, spectacles, loisirs, litt\u00e9ratures, conf\u00e9rences, interview\" \/>\n<meta property=\"og:url\" content=\"https:\/\/www.tepaseul-magazine.fr\/accueil\/evenements\/\" \/>\n<meta property=\"og:site_name\" content=\"Tepaseul\" \/>\n<meta property=\"article:modified_time\" content=\"2014-04-07T19:03:07+00:00\" \/>\n<script type=\"application\/ld+json\" class=\"yoast-schema-graph\">{\"@context\":\"https:\/\/schema.org\",\"@graph\":[{\"@type\":\"WebPage\",\"@id\":\"https:\/\/www.tepaseul-magazine.fr\/accueil\/evenements\/\",\"url\":\"https:\/\/www.tepaseul-magazine.fr\/accueil\/evenements\/\",\"name\":\"\u00c9v\u00e9nements - Tepaseul\",\"isPartOf\":{\"@id\":\"https:\/\/www.tepaseul-magazine.fr\/accueil\/#website\"},\"datePublished\":\"2014-03-27T16:10:46+00:00\",\"dateModified\":\"2014-04-07T19:03:07+00:00\",\"description\":\"Tous les \u00c9v\u00e9nements de tepaseul magazine pour vos sorties, spectacles, loisirs, litt\u00e9ratures, conf\u00e9rences, interview\",\"breadcrumb\":{\"@id\":\"https:\/\/www.tepaseul-magazine.fr\/accueil\/evenements\/#breadcrumb\"},\"inLanguage\":\"fr-FR\",\"potentialAction\":[{\"@type\":\"ReadAction\",\"target\":[\"https:\/\/www.tepaseul-magazine.fr\/accueil\/evenements\/\"]}]},{\"@type\":\"BreadcrumbList\",\"@id\":\"https:\/\/www.tepaseul-magazine.fr\/accueil\/evenements\/#breadcrumb\",\"itemListElement\":[{\"@type\":\"ListItem\",\"position\":1,\"name\":\"Home\",\"item\":\"https:\/\/www.tepaseul-magazine.fr\/accueil\/\"},{\"@type\":\"ListItem\",\"position\":2,\"name\":\"\u00c9v\u00e9nements\"}]},{\"@type\":\"WebSite\",\"@id\":\"https:\/\/www.tepaseul-magazine.fr\/accueil\/#website\",\"url\":\"https:\/\/www.tepaseul-magazine.fr\/accueil\/\",\"name\":\"Tepaseul\",\"description\":\"Le Magazine des solibattants\",\"publisher\":{\"@id\":\"https:\/\/www.tepaseul-magazine.fr\/accueil\/#organization\"},\"potentialAction\":[{\"@type\":\"SearchAction\",\"target\":{\"@type\":\"EntryPoint\",\"urlTemplate\":\"https:\/\/www.tepaseul-magazine.fr\/accueil\/?s={search_term_string}\"},\"query-input\":\"required name=search_term_string\"}],\"inLanguage\":\"fr-FR\"},{\"@type\":\"Organization\",\"@id\":\"https:\/\/www.tepaseul-magazine.fr\/accueil\/#organization\",\"name\":\"Tepaseul\",\"url\":\"https:\/\/www.tepaseul-magazine.fr\/accueil\/\",\"logo\":{\"@type\":\"ImageObject\",\"inLanguage\":\"fr-FR\",\"@id\":\"https:\/\/www.tepaseul-magazine.fr\/accueil\/#\/schema\/logo\/image\/\",\"url\":\"https:\/\/www.tepaseul-magazine.fr\/wp-content\/uploads\/2014\/12\/logo_doublev2-noir.png\",\"contentUrl\":\"https:\/\/www.tepaseul-magazine.fr\/wp-content\/uploads\/2014\/12\/logo_doublev2-noir.png\",\"width\":205,\"height\":51,\"caption\":\"Tepaseul\"},\"image\":{\"@id\":\"https:\/\/www.tepaseul-magazine.fr\/accueil\/#\/schema\/logo\/image\/\"}}]}<\/script>\n<!-- \/ Yoast SEO plugin. -->","yoast_head_json":{"title":"\u00c9v\u00e9nements - Tepaseul","description":"Tous les \u00c9v\u00e9nements de tepaseul magazine pour vos sorties, spectacles, loisirs, litt\u00e9ratures, conf\u00e9rences, interview","robots":{"index":"index","follow":"follow","max-snippet":"max-snippet:-1","max-image-preview":"max-image-preview:large","max-video-preview":"max-video-preview:-1"},"canonical":"https:\/\/www.tepaseul-magazine.fr\/accueil\/evenements\/","og_locale":"fr_FR","og_type":"article","og_title":"\u00c9v\u00e9nements - Tepaseul","og_description":"Tous les \u00c9v\u00e9nements de tepaseul magazine pour vos sorties, spectacles, loisirs, litt\u00e9ratures, conf\u00e9rences, interview","og_url":"https:\/\/www.tepaseul-magazine.fr\/accueil\/evenements\/","og_site_name":"Tepaseul","article_modified_time":"2014-04-07T19:03:07+00:00","schema":{"@context":"https:\/\/schema.org","@graph":[{"@type":"WebPage","@id":"https:\/\/www.tepaseul-magazine.fr\/accueil\/evenements\/","url":"https:\/\/www.tepaseul-magazine.fr\/accueil\/evenements\/","name":"\u00c9v\u00e9nements - Tepaseul","isPartOf":{"@id":"https:\/\/www.tepaseul-magazine.fr\/accueil\/#website"},"datePublished":"2014-03-27T16:10:46+00:00","dateModified":"2014-04-07T19:03:07+00:00","description":"Tous les \u00c9v\u00e9nements de tepaseul magazine pour vos sorties, spectacles, loisirs, litt\u00e9ratures, conf\u00e9rences, interview","breadcrumb":{"@id":"https:\/\/www.tepaseul-magazine.fr\/accueil\/evenements\/#breadcrumb"},"inLanguage":"fr-FR","potentialAction":[{"@type":"ReadAction","target":["https:\/\/www.tepaseul-magazine.fr\/accueil\/evenements\/"]}]},{"@type":"BreadcrumbList","@id":"https:\/\/www.tepaseul-magazine.fr\/accueil\/evenements\/#breadcrumb","itemListElement":[{"@type":"ListItem","position":1,"name":"Home","item":"https:\/\/www.tepaseul-magazine.fr\/accueil\/"},{"@type":"ListItem","position":2,"name":"\u00c9v\u00e9nements"}]},{"@type":"WebSite","@id":"https:\/\/www.tepaseul-magazine.fr\/accueil\/#website","url":"https:\/\/www.tepaseul-magazine.fr\/accueil\/","name":"Tepaseul","description":"Le Magazine des solibattants","publisher":{"@id":"https:\/\/www.tepaseul-magazine.fr\/accueil\/#organization"},"potentialAction":[{"@type":"SearchAction","target":{"@type":"EntryPoint","urlTemplate":"https:\/\/www.tepaseul-magazine.fr\/accueil\/?s={search_term_string}"},"query-input":"required name=search_term_string"}],"inLanguage":"fr-FR"},{"@type":"Organization","@id":"https:\/\/www.tepaseul-magazine.fr\/accueil\/#organization","name":"Tepaseul","url":"https:\/\/www.tepaseul-magazine.fr\/accueil\/","logo":{"@type":"ImageObject","inLanguage":"fr-FR","@id":"https:\/\/www.tepaseul-magazine.fr\/accueil\/#\/schema\/logo\/image\/","url":"https:\/\/www.tepaseul-magazine.fr\/wp-content\/uploads\/2014\/12\/logo_doublev2-noir.png","contentUrl":"https:\/\/www.tepaseul-magazine.fr\/wp-content\/uploads\/2014\/12\/logo_doublev2-noir.png","width":205,"height":51,"caption":"Tepaseul"},"image":{"@id":"https:\/\/www.tepaseul-magazine.fr\/accueil\/#\/schema\/logo\/image\/"}}]}},"_links":{"self":[{"href":"https:\/\/www.tepaseul-magazine.fr\/accueil\/wp-json\/wp\/v2\/pages\/7550"}],"collection":[{"href":"https:\/\/www.tepaseul-magazine.fr\/accueil\/wp-json\/wp\/v2\/pages"}],"about":[{"href":"https:\/\/www.tepaseul-magazine.fr\/accueil\/wp-json\/wp\/v2\/types\/page"}],"author":[{"embeddable":true,"href":"https:\/\/www.tepaseul-magazine.fr\/accueil\/wp-json\/wp\/v2\/users\/2"}],"replies":[{"embeddable":true,"href":"https:\/\/www.tepaseul-magazine.fr\/accueil\/wp-json\/wp\/v2\/comments?post=7550"}],"version-history":[{"count":0,"href":"https:\/\/www.tepaseul-magazine.fr\/accueil\/wp-json\/wp\/v2\/pages\/7550\/revisions"}],"wp:attachment":[{"href":"https:\/\/www.tepaseul-magazine.fr\/accueil\/wp-json\/wp\/v2\/media?parent=7550"}],"curies":[{"name":"wp","href":"https:\/\/api.w.org\/{rel}","templated":true}]}}